{"id":1984,"date":"2024-09-10T18:50:44","date_gmt":"2024-09-10T16:50:44","guid":{"rendered":"https:\/\/www.pvcplus.es\/rechtliche-hinweise\/"},"modified":"2025-04-25T12:02:37","modified_gmt":"2025-04-25T10:02:37","slug":"rechtliche-hinweise","status":"publish","type":"page","link":"https:\/\/www.pvcplus.es\/de\/rechtliche-hinweise\/","title":{"rendered":"Rechtliche Hinweise"},"content":{"rendered":"\t\t<div data-elementor-type=\"wp-post\" data-elementor-id=\"1984\" class=\"elementor elementor-1984 elementor-1332\">\n\t\t\t\t<div class=\"elementor-element elementor-element-3c42617 e-flex e-con-boxed e-con e-parent\" data-id=\"3c42617\" data-element_type=\"container\" data-e-type=\"container\" data-settings=\"{&quot;background_background&quot;:&quot;classic&quot;}\">\n\t\t\t\t\t<div class=\"e-con-inner\">\n\t\t<div class=\"elementor-element elementor-element-5ce4fa3 e-con-full e-flex e-con e-child\" data-id=\"5ce4fa3\" data-element_type=\"container\" data-e-type=\"container\">\n\t\t\t\t<div class=\"elementor-element elementor-element-c9efc95 elementor-widget elementor-widget-heading\" data-id=\"c9efc95\" data-element_type=\"widget\" data-e-type=\"widget\" data-widget_type=\"heading.default\">\n\t\t\t\t<div class=\"elementor-widget-container\">\n\t\t\t\t\t<h1 class=\"elementor-heading-title elementor-size-default\">Rechtliche Hinweise<\/h1>\t\t\t\t<\/div>\n\t\t\t\t<\/div>\n\t\t\t\t<\/div>\n\t\t\t\t\t<\/div>\n\t\t\t\t<\/div>\n\t\t<div class=\"elementor-element elementor-element-61a1e6d e-flex e-con-boxed e-con e-parent\" data-id=\"61a1e6d\" data-element_type=\"container\" data-e-type=\"container\" data-settings=\"{&quot;background_background&quot;:&quot;classic&quot;}\">\n\t\t\t\t\t<div class=\"e-con-inner\">\n\t\t\t\t<div class=\"elementor-element elementor-element-d3f42a0 elementor-widget elementor-widget-text-editor\" data-id=\"d3f42a0\" data-element_type=\"widget\" data-e-type=\"widget\" data-widget_type=\"text-editor.default\">\n\t\t\t\t<div class=\"elementor-widget-container\">\n\t\t\t\t\t\t\t\t\t<div class=\"row\"><div class=\"col-xl-10 mx-auto\"><div class=\"paper\"><header class=\"text-center\"><div class=\"row\"><div class=\"col-xl-10 mx-auto\"><div class=\"paper\"><header class=\"text-center\"><div class=\"row\"><div class=\"col col-xl-10 mx-auto\"><div class=\"paper\"><header class=\"text-center\"><h4><span style=\"font-size: 1.5em; font-weight: bold;\">I. ALLGEMEINE INFORMATIONEN<\/span><\/h4><\/header><div><p>In Erf\u00fcllung der Informationspflicht gem\u00e4\u00df dem Gesetz 34\/2002 \u00fcber Dienste der Informationsgesellschaft und des elektronischen Gesch\u00e4ftsverkehrs (LSSI-CE) vom 11. Juli werden nachfolgend die folgenden allgemeinen Informationen zu dieser Website bereitgestellt:<\/p><p>Die Inhaberschaft dieser Website, <span class=\"blanc-space ng-binding\">https:\/\/www.pvcplus.es\/<\/span> (im Folgenden &#8222;Website&#8220;), liegt bei: <span class=\"blanc-space ng-binding\">Rafael Pel\u00e1ez P\u00e9rez<\/span>, mit der NIF: <span class=\"blanc-space ng-binding\">77469572Y<\/span>, dessen Kontaktdaten wie folgt lauten:<\/p><p class=\"ng-hide\">Das Eigentum an dieser Website, <span class=\"blanc-space ng-binding\">https:\/\/www.pvcplus.es\/,<\/span>(im Folgenden Website) ist im Besitz von: , Inhaber der Steueridentifikationsnummer: und registriert unter: mit den folgenden Registerangaben: , dessen Vertreter ist: , und dessen Kontaktdaten lauten:<\/p><p>Adresse: <span class=\"blanc-space ng-binding\">Calle Pantano de la Vi\u00f1uela, 10 29740 Torre del mar<\/span><\/p><p>Kontakt-Telefonnummer: <span class=\"blanc-space ng-binding\">685 677 154<\/span><\/p><p class=\"ng-hide\">Fax:<\/p><p>Kontakt E-Mail: <span class=\"blanc-space ng-binding\">rpelaez.pvc@gmail.com<\/span><\/p><h3>II. ALLGEMEINE NUTZUNGSBEDINGUNGEN <\/h3><h4>Der Gegenstand der Bedingungen und Konditionen: Die Website<\/h4><p>Zweck dieser Allgemeinen Nutzungsbedingungen (im Folgenden Bedingungen) ist es, den Zugang zu und die Nutzung der Website zu regeln. Im Sinne dieser Allgemeinen Nutzungsbedingungen sind unter der Website zu verstehen: das \u00e4u\u00dfere Erscheinungsbild der Bildschirmoberfl\u00e4chen, sowohl statisch als auch dynamisch, d.h. der Navigationsbaum; und alle Elemente, die sowohl in die Bildschirmoberfl\u00e4chen als auch in den Navigationsbaum integriert sind (im Folgenden: Inhalt) sowie alle Online-Dienste oder Ressourcen, die den Nutzern angeboten werden k\u00f6nnen (im Folgenden: Dienste). <\/p><p><span class=\"blanc-space ng-binding\">Pvc Plus<\/span> beh\u00e4lt sich das Recht vor, jederzeit und ohne vorherige Ank\u00fcndigung die Pr\u00e4sentation und Konfiguration der Website sowie die darin enthaltenen Inhalte und Dienste zu \u00e4ndern. Der Benutzer erkennt an und akzeptiert, dass <span class=\"blanc-space ng-binding\">Pvc Plus<\/span> jederzeit alle in die Website integrierten Elemente oder den Zugang zu ihnen unterbrechen, deaktivieren und\/oder l\u00f6schen kann. <\/p><p>Der Zugriff des Nutzers auf die Website ist kostenlos und erfolgt in der Regel unentgeltlich, ohne dass der Nutzer daf\u00fcr eine Gegenleistung erbringen muss, mit Ausnahme der Kosten f\u00fcr die Verbindung \u00fcber das Telekommunikationsnetz, die von dem vom Nutzer beauftragten Zugangsanbieter bereitgestellt werden.<\/p><p class=\"ng-hide\">Abgesehen von den Kosten f\u00fcr die Verbindung \u00fcber das vom Zugangsanbieter bereitgestellte Telekommunikationsnetz, die der Nutzer vertraglich vereinbart hat, k\u00f6nnen einige der von <span class=\"blanc-space ng-binding\">Pvc Plus<\/span> oder gegebenenfalls von Dritten \u00fcber die Website angebotenen Inhalte oder Dienste der vorherigen Vereinbarung des Inhalts oder Dienstes unterliegen; in diesem Fall werden die entsprechenden Allgemeinen oder Besonderen Bedingungen, die dies regeln, deutlich angegeben und\/oder dem Nutzer zur Verf\u00fcgung gestellt.<\/p><p>Die Nutzung der Inhalte oder Dienste der Website kann durch ein vorheriges Abonnement oder eine Registrierung des Nutzers erfolgen.<\/p><p class=\"ng-hide\">F\u00fcr die Nutzung der Inhalte ist keine vorherige Anmeldung oder Registrierung erforderlich.<\/p><h4>Der Benutzer<\/h4><p>Der Zugang, das Surfen und die Nutzung der Website sowie der Bereiche, die f\u00fcr die Interaktion zwischen den Nutzern und zwischen dem Nutzer und <span class=\"blanc-space ng-binding\">Pvc Plus<\/span> zur Verf\u00fcgung stehen, wie z.B. Kommentare und\/oder Blogging-Bereiche, verleihen dem Nutzer die Eigenschaft eines Nutzers. Daher akzeptiert der Nutzer ab dem Zeitpunkt, an dem er auf der Website surft, alle hier festgelegten Bedingungen sowie deren sp\u00e4tere \u00c4nderungen, unbeschadet der Anwendung der entsprechenden gesetzlichen Bestimmungen, die gegebenenfalls einzuhalten sind. In Anbetracht der Relevanz des Vorstehenden wird dem Benutzer empfohlen, sie bei jedem Besuch der Website zu lesen. <\/p><p>Die Website von <span class=\"blanc-space ng-binding\">Pvc Plus<\/span> bietet eine Vielzahl von Informationen, Dienstleistungen und Daten. Der Benutzer \u00fcbernimmt die Verantwortung f\u00fcr die korrekte Nutzung der Website. Diese Verantwortung erstreckt sich auf:  <\/p><ul><li>Eine Nutzung der von <span class=\"blanc-space ng-binding\">Pvc Plus<\/span> angebotenen Informationen, Inhalte und\/oder Dienste und Daten, die nicht gegen die Bestimmungen dieser Bedingungen, das Gesetz, die guten Sitten oder die \u00f6ffentliche Ordnung verst\u00f6\u00dft oder die in sonstiger Weise die Rechte Dritter oder den Betrieb der Website beeintr\u00e4chtigen kann.<\/li><li>Die Richtigkeit und Rechtm\u00e4\u00dfigkeit der Informationen, die der Benutzer in den von <span class=\"blanc-space ng-binding\">Pvc Plus<\/span> bereitgestellten Formularen f\u00fcr den Zugang zu bestimmten auf der Website angebotenen Inhalten oder Dienstleistungen angibt. In jedem Fall muss der Benutzer <span class=\"blanc-space ng-binding\">Pvc Plus<\/span> unverz\u00fcglich \u00fcber jeden Umstand informieren, der eine missbr\u00e4uchliche Verwendung der in diesen Formularen eingetragenen Informationen erm\u00f6glicht, wie z.B., aber nicht nur, Diebstahl, Verlust oder unbefugter Zugriff auf Kennungen und\/oder Passw\u00f6rter, um deren sofortige L\u00f6schung zu veranlassen. <\/li><\/ul><p><span class=\"blanc-space ng-binding\">Pvc Plus<\/span> beh\u00e4lt sich das Recht vor, alle Kommentare und Beitr\u00e4ge zu entfernen, die gegen das Gesetz, die Achtung der W\u00fcrde der Person versto\u00dfen, die diskriminierend, fremdenfeindlich, rassistisch, pornografisch, spammend sind, die Jugend oder das Kind, die Ordnung oder die \u00f6ffentliche Sicherheit bedrohen oder die seiner Meinung nach nicht zur Ver\u00f6ffentlichung geeignet sind.<\/p><p>In jedem Fall ist <span class=\"blanc-space ng-binding\">Pvc Plus<\/span> nicht f\u00fcr die Meinungen verantwortlich, die von Nutzern in Kommentaren oder anderen Blogging- oder Partizipations-Tools ge\u00e4u\u00dfert werden, die m\u00f6glicherweise existieren.<\/p><p>Der blo\u00dfe Zugriff auf diese Website impliziert keine Art von Gesch\u00e4ftsbeziehung zwischen <span class=\"blanc-space ng-binding\">Pvc Plus<\/span> und dem Benutzer.<\/p><p>Der Benutzer erkl\u00e4rt, dass er vollj\u00e4hrig und ausreichend gesch\u00e4ftsf\u00e4hig ist, um an diese Bedingungen gebunden zu sein. Daher ist diese Website <span class=\"blanc-space ng-binding\">von Pvc Plus<\/span> nicht f\u00fcr Minderj\u00e4hrige bestimmt. <span class=\"blanc-space ng-binding\">Pvc Plus<\/span> lehnt jede Verantwortung f\u00fcr die Nichteinhaltung dieser Anforderung ab. <\/p><p class=\"ng-hide\">In \u00dcbereinstimmung mit der geltenden Gesetzgebung richtet sich diese <span class=\"blanc-space ng-binding\">Pvc Plus-Website<\/span> an alle Personen, unabh\u00e4ngig von ihrem Alter, die auf die Seiten der Website zugreifen und\/oder diese durchsuchen k\u00f6nnen.<\/p><p>Die Website richtet sich in erster Linie an Benutzer mit Wohnsitz in <span class=\"blanc-space ng-binding\">Spanien<\/span>. <span class=\"blanc-space ng-binding\">Pvc Plus<\/span> gibt keine Zusicherung, dass die Website ganz oder teilweise mit den Gesetzen anderer L\u00e4nder \u00fcbereinstimmt. Wenn der Benutzer an einem anderen Ort wohnt oder seinen Wohnsitz hat und beschlie\u00dft, auf die Website zuzugreifen und\/oder sie zu durchst\u00f6bern, tut er dies auf eigene Verantwortung und muss sicherstellen, dass dieser Zugriff und das Durchst\u00f6bern mit der f\u00fcr ihn geltenden lokalen Gesetzgebung \u00fcbereinstimmen, und <span class=\"blanc-space ng-binding\">Pvc Plus<\/span> \u00fcbernimmt keinerlei Haftung, die sich aus einem solchen Zugriff ergeben k\u00f6nnte. <\/p><h3>III. ZUGANG UND NAVIGATION AUF DER WEBSITE: AUSSCHLUSS VON GARANTIEN UND HAFTUNG <\/h3><p><span class=\"blanc-space ng-binding\">Pvc Plus<\/span> \u00fcbernimmt keine Garantie f\u00fcr die Kontinuit\u00e4t, Verf\u00fcgbarkeit und N\u00fctzlichkeit der Website oder des Inhalts oder der Dienste. <span class=\"blanc-space ng-binding\">Pvc Plus unternimmt alle Anstrengungen, um das ordnungsgem\u00e4\u00dfe Funktionieren der Website zu gew\u00e4hrleisten. Pvc Plus<\/span> gibt jedoch keine Zusicherung oder Garantie, dass der Zugang zu dieser Website ununterbrochen oder fehlerfrei sein wird.<\/p><p>Pvc Plus \u00fcbernimmt auch keine Verantwortung oder Garantie daf\u00fcr, dass der Inhalt oder die Software, auf die \u00fcber diese Website zugegriffen werden kann, frei von Fehlern ist oder Sch\u00e4den am Computersystem (Software und Hardware) des Benutzers verursacht. <span class=\"blanc-space ng-binding\">Pvc Plus<\/span> haftet in keinem Fall f\u00fcr Verluste, Sch\u00e4den oder Beeintr\u00e4chtigungen jeglicher Art, die sich aus dem Zugriff auf die Website, dem Browsen und der Nutzung der Website ergeben, einschlie\u00dflich, aber nicht beschr\u00e4nkt auf Sch\u00e4den an Computersystemen oder Sch\u00e4den, die durch die Einf\u00fchrung von Viren verursacht werden. <\/p><p><span class=\"blanc-space ng-binding\">Pvc Plus<\/span> haftet auch nicht f\u00fcr Sch\u00e4den, die dem Benutzer durch unsachgem\u00e4\u00dfe Nutzung dieser Website entstehen k\u00f6nnen. Insbesondere ist Pvc Plus in keiner Weise f\u00fcr eventuelle Telekommunikationsausf\u00e4lle, Unterbrechungen, Fehler oder Defekte verantwortlich. <\/p><h3>IV. VERKN\u00dcPFUNGSPOLITIK <\/h3><p>Es wird darauf hingewiesen, dass die Website <span class=\"blanc-space ng-binding\">von Pvc Plus<\/span> dem Benutzer Mittel zur Verkn\u00fcpfung (wie u.a. Links, Banner, Schaltfl\u00e4chen), Verzeichnisse und Suchmaschinen zur Verf\u00fcgung stellt oder stellen kann, die dem Benutzer den Zugang zu Websites erm\u00f6glichen, die Dritten geh\u00f6ren und\/oder von diesen verwaltet werden.<\/p><p>Die Einrichtung dieser Links, Verzeichnisse und Suchmaschinen auf der Website soll den Nutzern die Suche nach und den Zugang zu den im Internet verf\u00fcgbaren Informationen erleichtern und darf nicht als Vorschlag, Empfehlung oder Aufforderung zum Besuch dieser Websites angesehen werden.<\/p><p><span class=\"blanc-space ng-binding\">Pvc Plus<\/span> bietet weder selbst noch \u00fcber Dritte die auf diesen verlinkten Seiten verf\u00fcgbaren Produkte und\/oder Dienstleistungen an oder vermarktet sie.<\/p><p class=\"ng-hide\"><span class=\"blanc-space ng-binding\">Pvc Plus<\/span> bietet gesponserte Inhalte, Werbung und\/oder Partnerlinks. Die Informationen, die in diesen Affiliate-Links oder den eingef\u00fcgten Anzeigen erscheinen, werden von den Inserenten selbst zur Verf\u00fcgung gestellt, so dass <span class=\"blanc-space ng-binding\">Pvc Plus<\/span> weder f\u00fcr eventuelle Ungenauigkeiten oder Fehler in den Anzeigen verantwortlich ist, noch in irgendeiner Weise f\u00fcr die Erfahrung, Integrit\u00e4t oder Verantwortung der Inserenten oder die Qualit\u00e4t ihrer Produkte und\/oder Dienstleistungen garantiert.<\/p><p>Sie \u00fcbernimmt auch keine Garantie f\u00fcr die technische Verf\u00fcgbarkeit, Genauigkeit, Richtigkeit, G\u00fcltigkeit oder Rechtm\u00e4\u00dfigkeit von Websites, die nicht in ihrem Besitz sind und auf die Sie \u00fcber die Links zugreifen k\u00f6nnen.<\/p><p><span class=\"blanc-space ng-binding\">Pvc Plus<\/span> \u00fcberpr\u00fcft oder kontrolliert unter keinen Umst\u00e4nden den Inhalt anderer Websites und billigt, pr\u00fcft oder unterst\u00fctzt auch nicht die Produkte und Dienstleistungen, den Inhalt, die Dateien und alle anderen Materialien auf solchen verlinkten Websites.<\/p><p><span class=\"blanc-space ng-binding\">Pvc Plus<\/span> \u00fcbernimmt keine Haftung f\u00fcr Sch\u00e4den, die sich aus dem Zugang, der Nutzung, der Qualit\u00e4t oder der Rechtm\u00e4\u00dfigkeit der Inhalte, Mitteilungen, Meinungen, Produkte und Dienstleistungen von Websites ergeben, die nicht von <span class=\"blanc-space ng-binding\">Pvc Plus<\/span> verwaltet werden und die mit dieser Website verlinkt sind.<\/p><p>Der Benutzer oder ein Dritter, der einen Hyperlink von einer anderen Website auf die <span class=\"blanc-space ng-binding\">Pvc Plus<\/span> Website setzt, sollte sich dessen bewusst sein:<\/p><p>Die Reproduktion &#8211; ganz oder teilweise &#8211; von Inhalten und\/oder Diensten der Website ist ohne ausdr\u00fcckliche Genehmigung von <span class=\"blanc-space ng-binding\">Pvc Plus<\/span> nicht gestattet.<\/p><p>Es sind keine falschen, ungenauen oder inkorrekten Darstellungen \u00fcber die <span class=\"blanc-space ng-binding\">Pvc Plus<\/span> Website, den Inhalt und\/oder die Dienste erlaubt.<\/p><p>Mit Ausnahme des Hyperlinks darf die Website, auf der der Hyperlink eingerichtet ist, keine Elemente dieser Website enthalten, die nach spanischem Recht als geistiges Eigentum gesch\u00fctzt sind, es sei denn, dies wurde von <span class=\"blanc-space ng-binding\">Pvc Plus<\/span> ausdr\u00fccklich genehmigt.<\/p><p>Die Einrichtung des Hyperlinks impliziert weder das Bestehen einer Beziehung zwischen <span class=\"blanc-space ng-binding\">Pvc Plus<\/span> und dem Eigent\u00fcmer der Website, von der er ausgeht, noch die Kenntnis und Akzeptanz der auf der besagten Website angebotenen Inhalte, Dienstleistungen und\/oder Aktivit\u00e4ten durch <span class=\"blanc-space ng-binding\">Pvc<\/span> Plus und vice versa.<\/p><h3>V. GEISTIGES UND GEWERBLICHES EIGENTUM<\/h3><p><span class=\"blanc-space ng-binding\">Pvc Plus<\/span> ist selbst oder als Abtretungsempf\u00e4nger Eigent\u00fcmer aller geistigen und gewerblichen Eigentumsrechte an der Website sowie an den darin enthaltenen Elementen (einschlie\u00dflich, aber nicht beschr\u00e4nkt auf Bilder, Ton, Audio, Video, Software oder Texte, Marken oder Logos, Farbkombinationen, Struktur und Design, Auswahl der verwendeten Materialien, Computerprogramme, die f\u00fcr den Betrieb, den Zugang und die Nutzung erforderlich sind, usw.). Es handelt sich also um Werke, die als geistiges Eigentum durch das spanische Rechtssystem gesch\u00fctzt sind, und sowohl die spanischen als auch die gemeinschaftlichen Rechtsvorschriften auf diesem Gebiet sowie die von Spanien unterzeichneten internationalen Vertr\u00e4ge zu diesem Thema sind auf sie anwendbar.<\/p><p>Alle Rechte vorbehalten. Gem\u00e4\u00df den Bestimmungen des Gesetzes zum Schutz des geistigen Eigentums sind die Vervielf\u00e4ltigung, die Verbreitung und die \u00f6ffentliche Wiedergabe, einschlie\u00dflich der Zurverf\u00fcgungstellung, des gesamten oder eines Teils des Inhalts dieser Website zu kommerziellen Zwecken in jedem Medium und mit allen technischen Mitteln ohne Genehmigung von <span class=\"blanc-space ng-binding\">Pvc Plus<\/span> ausdr\u00fccklich verboten.<\/p><p>Der Benutzer verpflichtet sich, die geistigen und gewerblichen Eigentumsrechte von <span class=\"blanc-space ng-binding\">Pvc Plus<\/span> zu respektieren. Sie d\u00fcrfen die Elemente der Website ansehen oder sogar ausdrucken, kopieren und auf der Festplatte Ihres Computers oder auf einem anderen physischen Medium speichern, vorausgesetzt, dies geschieht ausschlie\u00dflich f\u00fcr Ihren pers\u00f6nlichen Gebrauch. Der Nutzer darf jedoch keine auf der Website installierten Schutzvorrichtungen oder Sicherheitssysteme entfernen, ver\u00e4ndern oder manipulieren.<\/p><p>Sollte der Nutzer oder ein Dritter der Ansicht sein, dass einer der Inhalte der Website eine Verletzung der Rechte zum Schutz des geistigen Eigentums darstellt, muss er\/sie <span class=\"blanc-space ng-binding\">Pvc Plus<\/span> unverz\u00fcglich \u00fcber die Kontaktdaten im Abschnitt ALLGEMEINE INFORMATIONEN dieser rechtlichen Hinweise und allgemeinen Nutzungsbedingungen informieren.<\/p><h3>VI. KLAGEN, ANWENDBARES RECHT UND GERICHTSBARKEIT<\/h3><p><span class=\"blanc-space ng-binding\">Pvc Plus<\/span> beh\u00e4lt sich das Recht vor, alle zivil- oder strafrechtlichen Schritte einzuleiten, die es f\u00fcr eine missbr\u00e4uchliche Nutzung der Website und ihrer Inhalte oder f\u00fcr einen Versto\u00df gegen diese Bedingungen f\u00fcr notwendig erachtet.<\/p><p>Die Beziehung zwischen dem Benutzer und <span class=\"blanc-space ng-binding\">Pvc Plus<\/span> unterliegt den geltenden und auf spanischem Gebiet anwendbaren Vorschriften. Im Falle von Streitigkeiten in Bezug auf die Auslegung und\/oder Anwendung dieser Bedingungen unterwerfen die Parteien ihre Streitigkeiten der ordentlichen Gerichtsbarkeit der Gerichte, die dem Gesetz entsprechen.<\/p><\/div><\/div><\/div><\/div><\/header><\/div><\/div><\/div><\/header><\/div><\/div><\/div>\t\t\t\t\t\t\t\t<\/div>\n\t\t\t\t<\/div>\n\t\t\t\t\t<\/div>\n\t\t\t\t<\/div>\n\t\t\t\t<\/div>\n\t\t","protected":false},"excerpt":{"rendered":"<p>Rechtliche Hinweise I. ALLGEMEINE INFORMATIONEN In Erf\u00fcllung der Informationspflicht gem\u00e4\u00df dem Gesetz 34\/2002 \u00fcber Dienste der Informationsgesellschaft und des elektronischen Gesch\u00e4ftsverkehrs (LSSI-CE) vom 11. Juli werden nachfolgend die folgenden allgemeinen Informationen zu dieser Website bereitgestellt: Die Inhaberschaft dieser Website, https:\/\/www.pvcplus.es\/ (im Folgenden &#8222;Website&#8220;), liegt bei: Rafael Pel\u00e1ez P\u00e9rez, mit der NIF: 77469572Y, dessen Kontaktdaten wie [&hellip;]<\/p>\n","protected":false},"author":1,"featured_media":0,"parent":0,"menu_order":0,"comment_status":"closed","ping_status":"closed","template":"","meta":{"site-sidebar-layout":"no-sidebar","site-content-layout":"page-builder","ast-site-content-layout":"full-width-container","site-content-style":"unboxed","site-sidebar-style":"unboxed","ast-global-header-display":"","ast-banner-title-visibility":"","ast-main-header-display":"","ast-hfb-above-header-display":"","ast-hfb-below-header-display":"","ast-hfb-mobile-header-display":"","site-post-title":"disabled","ast-breadcrumbs-content":"disabled","ast-featured-img":"disabled","footer-sml-layout":"","theme-transparent-header-meta":"enabled","adv-header-id-meta":"","stick-header-meta":"default","header-above-stick-meta":"","header-main-stick-meta":"","header-below-stick-meta":"","astra-migrate-meta-layouts":"set","ast-page-background-enabled":"default","ast-page-background-meta":{"desktop":{"background-color":"","background-image":"","background-repeat":"repeat","background-position":"center center","background-size":"auto","background-attachment":"scroll","background-type":"","background-media":"","overlay-type":"","overlay-color":"","overlay-opacity":"","overlay-gradient":""},"tablet":{"background-color":"","background-image":"","background-repeat":"repeat","background-position":"center center","background-size":"auto","background-attachment":"scroll","background-type":"","background-media":"","overlay-type":"","overlay-color":"","overlay-opacity":"","overlay-gradient":""},"mobile":{"background-color":"","background-image":"","background-repeat":"repeat","background-position":"center center","background-size":"auto","background-attachment":"scroll","background-type":"","background-media":"","overlay-type":"","overlay-color":"","overlay-opacity":"","overlay-gradient":""}},"ast-content-background-meta":{"desktop":{"background-color":"var(--ast-global-color-5)","background-image":"","background-repeat":"repeat","background-position":"center center","background-size":"auto","background-attachment":"scroll","background-type":"","background-media":"","overlay-type":"","overlay-color":"","overlay-opacity":"","overlay-gradient":""},"tablet":{"background-color":"var(--ast-global-color-5)","background-image":"","background-repeat":"repeat","background-position":"center center","background-size":"auto","background-attachment":"scroll","background-type":"","background-media":"","overlay-type":"","overlay-color":"","overlay-opacity":"","overlay-gradient":""},"mobile":{"background-color":"var(--ast-global-color-5)","background-image":"","background-repeat":"repeat","background-position":"center center","background-size":"auto","background-attachment":"scroll","background-type":"","background-media":"","overlay-type":"","overlay-color":"","overlay-opacity":"","overlay-gradient":""}},"footnotes":""},"class_list":["post-1984","page","type-page","status-publish","hentry"],"_links":{"self":[{"href":"https:\/\/www.pvcplus.es\/de\/wp-json\/wp\/v2\/pages\/1984","targetHints":{"allow":["GET"]}}],"collection":[{"href":"https:\/\/www.pvcplus.es\/de\/wp-json\/wp\/v2\/pages"}],"about":[{"href":"https:\/\/www.pvcplus.es\/de\/wp-json\/wp\/v2\/types\/page"}],"author":[{"embeddable":true,"href":"https:\/\/www.pvcplus.es\/de\/wp-json\/wp\/v2\/users\/1"}],"replies":[{"embeddable":true,"href":"https:\/\/www.pvcplus.es\/de\/wp-json\/wp\/v2\/comments?post=1984"}],"version-history":[{"count":1,"href":"https:\/\/www.pvcplus.es\/de\/wp-json\/wp\/v2\/pages\/1984\/revisions"}],"predecessor-version":[{"id":1985,"href":"https:\/\/www.pvcplus.es\/de\/wp-json\/wp\/v2\/pages\/1984\/revisions\/1985"}],"wp:attachment":[{"href":"https:\/\/www.pvcplus.es\/de\/wp-json\/wp\/v2\/media?parent=1984"}],"curies":[{"name":"wp","href":"https:\/\/api.w.org\/{rel}","templated":true}]}}