{"id":1977,"date":"2024-09-10T18:34:14","date_gmt":"2024-09-10T16:34:14","guid":{"rendered":"https:\/\/www.pvcplus.es\/politica-de-privacidad-2\/"},"modified":"2025-04-25T12:21:37","modified_gmt":"2025-04-25T10:21:37","slug":"datenschutzerklaerung","status":"publish","type":"page","link":"https:\/\/www.pvcplus.es\/de\/datenschutzerklaerung\/","title":{"rendered":"Datenschutzerkl\u00e4rung"},"content":{"rendered":"\t\t<div data-elementor-type=\"wp-post\" data-elementor-id=\"1977\" class=\"elementor elementor-1977 elementor-1321\">\n\t\t\t\t<div class=\"elementor-element elementor-element-3c42617 e-flex e-con-boxed e-con e-parent\" data-id=\"3c42617\" data-element_type=\"container\" data-e-type=\"container\" data-settings=\"{&quot;background_background&quot;:&quot;classic&quot;}\">\n\t\t\t\t\t<div class=\"e-con-inner\">\n\t\t<div class=\"elementor-element elementor-element-5ce4fa3 e-con-full e-flex e-con e-child\" data-id=\"5ce4fa3\" data-element_type=\"container\" data-e-type=\"container\">\n\t\t\t\t<div class=\"elementor-element elementor-element-c9efc95 elementor-widget elementor-widget-heading\" data-id=\"c9efc95\" data-element_type=\"widget\" data-e-type=\"widget\" data-widget_type=\"heading.default\">\n\t\t\t\t<div class=\"elementor-widget-container\">\n\t\t\t\t\t<h1 class=\"elementor-heading-title elementor-size-default\">Datenschutzerkl\u00e4rung<\/h1>\t\t\t\t<\/div>\n\t\t\t\t<\/div>\n\t\t\t\t<\/div>\n\t\t\t\t\t<\/div>\n\t\t\t\t<\/div>\n\t\t<div class=\"elementor-element elementor-element-61a1e6d e-flex e-con-boxed e-con e-parent\" data-id=\"61a1e6d\" data-element_type=\"container\" data-e-type=\"container\" data-settings=\"{&quot;background_background&quot;:&quot;classic&quot;}\">\n\t\t\t\t\t<div class=\"e-con-inner\">\n\t\t\t\t<div class=\"elementor-element elementor-element-d3f42a0 elementor-widget elementor-widget-text-editor\" data-id=\"d3f42a0\" data-element_type=\"widget\" data-e-type=\"widget\" data-widget_type=\"text-editor.default\">\n\t\t\t\t<div class=\"elementor-widget-container\">\n\t\t\t\t\t\t\t\t\t<div class=\"row\">\n<div class=\"col-xl-10 mx-auto\">\n<div class=\"paper\"><header class=\"text-center\">\n<h5><span style=\"font-size: 1.5em; font-weight: bold;\">I. DATENSCHUTZERKL\u00c4RUNG UND DATENSCHUTZ<\/span><\/h5>\n<\/header>\n<div>\n\nUnter Beachtung der geltenden gesetzlichen Bestimmungen verpflichtet sich <span class=\"blanc-space ng-binding\">Pvc Plus<\/span> (im Folgenden auch Website genannt), die erforderlichen technischen und organisatorischen Ma\u00dfnahmen zu ergreifen, die dem Sicherheitsniveau entsprechend dem Risiko der erhobenen Daten angemessen sind.\n<h4>Gesetze, die in diese Datenschutzerkl\u00e4rung einflie\u00dfen<\/h4>\nDiese Datenschutzerkl\u00e4rung ist an die geltenden spanischen und europ\u00e4ischen Vorschriften zum Schutz personenbezogener Daten im Internet angepasst. Insbesondere werden folgende Vorschriften beachtet:\n<ul>\n \t<li>Die Verordnung (EU) 2016\/679 des Europ\u00e4ischen Parlaments und des Rates vom 27. April 2016 zum Schutz nat\u00fcrlicher Personen bei der Verarbeitung personenbezogener Daten und zum freien Datenverkehr (DSGVO).<\/li>\n \t<li>Das Organgesetz 3\/2018 vom 5. Dezember zum Schutz personenbezogener Daten und zur Gew\u00e4hrleistung digitaler Rechte (LOPD-GDD).<\/li>\n \t<li>Das K\u00f6nigliche Dekret 1720\/2007 vom 21. Dezember, mit dem die Durchf\u00fchrungsverordnung zum Organgesetz 15\/1999 vom 13. Dezember zum Schutz personenbezogener Daten (RDLOPD) genehmigt wurde.<\/li>\n \t<li>Das Gesetz 34\/2002 vom 11. Juli \u00fcber Dienste der Informationsgesellschaft und des elektronischen Gesch\u00e4ftsverkehrs (LSSI-CE).<\/li>\n<\/ul>\n<h4>Identit\u00e4t des Verantwortlichen f\u00fcr die Verarbeitung personenbezogener Daten<\/h4>\nVerantwortlicher f\u00fcr die Verarbeitung der auf <span class=\"blanc-space ng-binding\">Pvc Plus<\/span> erhobenen personenbezogenen Daten ist: <span class=\"blanc-space ng-binding\">Rafael Pel\u00e1ez P\u00e9rez<\/span>, mit NIF: <span class=\"blanc-space ng-binding\">77469572Y<\/span> (im Folgenden Verantwortlicher f\u00fcr die Verarbeitung). Seine Kontaktdaten sind wie folgt:\n<p class=\"ng-hide\">Verantwortlicher f\u00fcr die Verarbeitung der auf <span class=\"blanc-space ng-binding\">Pvc Plus<\/span> erhobenen personenbezogenen Daten ist: , mit NIF\/CIF: und eingetragen in: mit folgenden Registerdaten: , dessen Vertreter ist: (im Folgenden Verantwortlicher f\u00fcr die Verarbeitung). Seine Kontaktdaten sind wie folgt:<\/p>\nAdresse: <span class=\"blanc-space ng-binding\">Calle Pantano de la Vi\u00f1uela, 10 29740 Torre del mar<\/span>\n\nKontakttelefon: <span class=\"blanc-space ng-binding\">685 677 154<\/span>\n<p class=\"ng-hide\">Fax:<\/p>\nKontakt-E-Mail: <span class=\"blanc-space ng-binding\">rpelaez.pvc@gmail.com<\/span>\n<h4>Verzeichnis der Verarbeitung personenbezogener Daten<\/h4>\nGem\u00e4\u00df DSGVO und LOPD-GDD informieren wir Sie dar\u00fcber, dass die von <span class=\"blanc-space ng-binding\">Pvc Plus<\/span> \u00fcber die auf den Seiten bereitgestellten Formulare erhobenen personenbezogenen Daten in unsere Datei aufgenommen und verarbeitet werden, um die zwischen <span class=\"blanc-space ng-binding\">Pvc Plus<\/span> und dem Nutzer vereinbarten Verpflichtungen zu erleichtern, zu beschleunigen und zu erf\u00fcllen oder um die Beziehung, die in den von ihm ausgef\u00fcllten Formularen festgelegt wird, aufrechtzuerhalten oder um eine Anfrage oder Anfrage zu bearbeiten. Ebenso wird gem\u00e4\u00df DSGVO und LOPD-GDD, sofern die Ausnahme des Artikels 30.5 DSGVO nicht anwendbar ist, ein Verzeichnis der Verarbeitungst\u00e4tigkeiten gef\u00fchrt, in dem die durchgef\u00fchrten Verarbeitungst\u00e4tigkeiten und die weiteren im DSGVO festgelegten Umst\u00e4nde entsprechend ihrer Zwecke aufgef\u00fchrt sind.\n<h4>Grunds\u00e4tze f\u00fcr die Verarbeitung personenbezogener Daten<\/h4>\nDie Verarbeitung der personenbezogenen Daten des Nutzers unterliegt den folgenden Grunds\u00e4tzen gem\u00e4\u00df Artikel 5 DSGVO und Artikel 4 ff. des Organgesetzes 3\/2018 vom 5. Dezember zum Schutz personenbezogener Daten und zur Gew\u00e4hrleistung digitaler Rechte:\n<ul>\n \t<li>Grundsatz der Rechtm\u00e4\u00dfigkeit, Verarbeitung nach Treu und Glauben und Transparenz: Die Einwilligung des Nutzers wird stets nach vollst\u00e4ndiger transparenter Information \u00fcber die Zwecke, f\u00fcr die die personenbezogenen Daten erhoben werden, eingeholt.<\/li>\n \t<li>Grundsatz der Zweckbindung: Die personenbezogenen Daten werden zu bestimmten, eindeutigen und legitimen Zwecken erhoben.<\/li>\n \t<li>Grundsatz der Datenminimierung: Es werden nur die personenbezogenen Daten erhoben, die f\u00fcr die Zwecke, f\u00fcr die sie verarbeitet werden, unbedingt erforderlich sind.<\/li>\n \t<li>Grundsatz der Richtigkeit: Die personenbezogenen Daten m\u00fcssen sachlich richtig und stets auf dem neuesten Stand sein.<\/li>\n \t<li>Grundsatz der Speicherbegrenzung: Die personenbezogenen Daten werden nur so lange gespeichert, wie es f\u00fcr die Zwecke ihrer Verarbeitung erforderlich ist, um die Identifizierung des Nutzers zu erm\u00f6glichen.<\/li>\n \t<li>Grundsatz der Integrit\u00e4t und Vertraulichkeit: Die personenbezogenen Daten werden so verarbeitet, dass ihre Sicherheit und Vertraulichkeit gew\u00e4hrleistet ist.<\/li>\n \t<li>Grundsatz der Rechenschaftspflicht: Der Verantwortliche f\u00fcr die Verarbeitung ist daf\u00fcr verantwortlich, dass die vorgenannten Grunds\u00e4tze eingehalten werden.<\/li>\n<\/ul>\n<h4>Kategorien personenbezogener Daten<\/h4>\nDie Kategorien der bei <span class=\"blanc-space ng-binding\">Pvc Plus<\/span> verarbeiteten Daten sind ausschlie\u00dflich Identifikationsdaten. Es werden in keinem Fall besondere Kategorien personenbezogener Daten im Sinne von Artikel 9 DSGVO verarbeitet.\n<p class=\"ng-hide\">Die Kategorien der bei <span class=\"blanc-space ng-binding\">Pvc Plus<\/span> verarbeiteten Daten umfassen sowohl Identifikationsdaten als auch besondere Kategorien personenbezogener Daten im Sinne von Artikel 9 DSGVO.<\/p>\n<p class=\"ng-hide\">Als besondere Kategorien personenbezogener Daten gelten solche, aus denen die rassische oder ethnische Herkunft, politische Meinungen, religi\u00f6se oder weltanschauliche \u00dcberzeugungen oder Gewerkschaftszugeh\u00f6rigkeit hervorgehen, sowie die Verarbeitung genetischer Daten, biometrischer Daten zur eindeutigen Identifizierung einer nat\u00fcrlichen Person, Gesundheitsdaten oder Daten zum Sexualleben oder zur sexuellen Orientierung einer nat\u00fcrlichen Person.<\/p>\n<p class=\"ng-hide\">F\u00fcr die Verarbeitung besonderer Kategorien personenbezogener Daten ist in jedem Fall die ausdr\u00fcckliche Einwilligung des Nutzers f\u00fcr einen oder mehrere bestimmte Zwecke erforderlich.<\/p>\n\n<h4>Rechtsgrundlage f\u00fcr die Verarbeitung personenbezogener Daten<\/h4>\nDie Rechtsgrundlage f\u00fcr die Verarbeitung personenbezogener Daten ist die Einwilligung. <span class=\"blanc-space ng-binding\">Pvc Plus<\/span> verpflichtet sich, die ausdr\u00fcckliche und \u00fcberpr\u00fcfbare Einwilligung des Nutzers f\u00fcr die Verarbeitung seiner personenbezogenen Daten f\u00fcr einen oder mehrere bestimmte Zwecke einzuholen.\n\nDer Nutzer hat das Recht, seine Einwilligung jederzeit zu widerrufen. Es ist genauso einfach, die Einwilligung zu widerrufen wie sie zu erteilen. In der Regel hat der Widerruf der Einwilligung keinen Einfluss auf die Nutzung der Website.\n\nWenn der Nutzer seine Daten \u00fcber Formulare zur Anfrage, Informationsanforderung oder aus Gr\u00fcnden im Zusammenhang mit dem Inhalt der Website angeben muss oder kann, wird er dar\u00fcber informiert, falls die Angabe eines dieser Felder verpflichtend ist, weil sie f\u00fcr die ordnungsgem\u00e4\u00dfe Durchf\u00fchrung der jeweiligen Aktion unerl\u00e4sslich sind.\n\n<h4>Zwecke der Verarbeitung personenbezogener Daten<\/h4>\nDie personenbezogenen Daten werden von <span class=\"blanc-space ng-binding\">Pvc Plus<\/span> erhoben und verwaltet, um die zwischen der Website und dem Nutzer vereinbarten Verpflichtungen zu erleichtern, zu beschleunigen und zu erf\u00fcllen oder um die Beziehung, die in den vom Nutzer ausgef\u00fcllten Formularen festgelegt wird, aufrechtzuerhalten oder um eine Anfrage oder Anfrage zu bearbeiten.\n\nEbenso k\u00f6nnen die Daten zu kommerziellen Zwecken der Personalisierung, f\u00fcr operative und statistische Zwecke sowie f\u00fcr T\u00e4tigkeiten im Zusammenhang mit dem Unternehmenszweck von <span class=\"blanc-space ng-binding\">Pvc Plus<\/span> verwendet werden, ebenso wie f\u00fcr die Extraktion, Speicherung von Daten und Marketingstudien, um die angebotenen Inhalte an den Nutzer anzupassen sowie die Qualit\u00e4t, Funktion und Navigation der Website zu verbessern.\n\nZum Zeitpunkt der Erhebung der personenbezogenen Daten wird der Nutzer \u00fcber den spezifischen Zweck oder die Zwecke der Verarbeitung informiert, d. h. \u00fcber die Verwendung(en), die den gesammelten Informationen zugewiesen werden.\n\n<h4>Aufbewahrungsfristen f\u00fcr personenbezogene Daten<\/h4>\nPersonenbezogene Daten werden nur so lange aufbewahrt, wie es f\u00fcr die Zwecke ihrer Verarbeitung unbedingt erforderlich ist, und in jedem Fall nur f\u00fcr folgenden Zeitraum: <span class=\"blanc-space ng-binding\">18 Monate<\/span>, oder bis der Nutzer deren L\u00f6schung verlangt.\n\nZum Zeitpunkt der Erhebung der personenbezogenen Daten wird der Nutzer \u00fcber die Dauer der Aufbewahrung der personenbezogenen Daten oder, falls dies nicht m\u00f6glich ist, \u00fcber die Kriterien zur Bestimmung dieser Dauer informiert.\n\n<h4>Empf\u00e4nger der personenbezogenen Daten<\/h4>\n<p class=\"ng-hide\">Die personenbezogenen Daten des Nutzers werden nicht an Dritte weitergegeben.<\/p>\n<p class=\"ng-hide\">In jedem Fall wird der Nutzer zum Zeitpunkt der Erhebung der personenbezogenen Daten \u00fcber die Empf\u00e4nger oder Kategorien von Empf\u00e4ngern der personenbezogenen Daten informiert.<\/p>\nDie personenbezogenen Daten des Nutzers werden an folgende Empf\u00e4nger oder Kategorien von Empf\u00e4ngern weitergegeben:\n<p class=\"text-wrap ng-binding\">Google, Google Analytics<\/p>\nFalls der Verantwortliche beabsichtigt, personenbezogene Daten an ein Drittland oder eine internationale Organisation zu \u00fcbermitteln, wird der Nutzer zum Zeitpunkt der Erhebung der personenbezogenen Daten \u00fcber das Drittland oder die internationale Organisation, an die die Daten \u00fcbermittelt werden sollen, sowie \u00fcber das Vorliegen oder Nichtvorliegen eines Angemessenheitsbeschlusses der Kommission informiert.\n\n<h4>Personenbezogene Daten von Minderj\u00e4hrigen<\/h4>\nGem\u00e4\u00df Artikel 8 der DSGVO und Artikel 7 des Organgesetzes 3\/2018 vom 5. Dezember zum Schutz personenbezogener Daten und zur Gew\u00e4hrleistung digitaler Rechte k\u00f6nnen nur Personen \u00fcber 14 Jahren ihre Einwilligung zur rechtm\u00e4\u00dfigen Verarbeitung ihrer personenbezogenen Daten durch <span class=\"blanc-space ng-binding\">Pvc Plus<\/span> erteilen. Bei Minderj\u00e4hrigen unter 14 Jahren ist die Einwilligung der Eltern oder Erziehungsberechtigten erforderlich, und diese gilt nur insoweit als rechtm\u00e4\u00dfig, wie sie von diesen erteilt wurde.\n<h4>Geheimhaltung und Sicherheit personenbezogener Daten<\/h4>\n<span class=\"blanc-space ng-binding\">Pvc Plus<\/span> verpflichtet sich, die erforderlichen technischen und organisatorischen Ma\u00dfnahmen entsprechend dem dem Risiko der erhobenen Daten angemessenen Sicherheitsniveau zu ergreifen, um die Sicherheit personenbezogener Daten zu gew\u00e4hrleisten und die Zerst\u00f6rung, den Verlust oder die versehentliche oder unrechtm\u00e4\u00dfige Ver\u00e4nderung \u00fcbermittelter, gespeicherter oder anderweitig verarbeiteter personenbezogener Daten sowie die unbefugte Offenlegung oder den Zugriff auf diese Daten zu verhindern.\n\n<p class=\"\">Die Website verf\u00fcgt \u00fcber ein SSL-Zertifikat (Secure Socket Layer), das sicherstellt, dass personenbezogene Daten sicher und vertraulich \u00fcbertragen werden, da die \u00dcbertragung der Daten zwischen Server und Nutzer sowie im R\u00fcckkanal vollst\u00e4ndig verschl\u00fcsselt erfolgt.<\/p>\n\nDa <span class=\"blanc-space ng-binding\">Pvc Plus<\/span> jedoch die Uneinnehmbarkeit des Internets und die v\u00f6llige Abwesenheit von Hackern oder anderen, die sich betr\u00fcgerisch Zugang zu personenbezogenen Daten verschaffen, nicht garantieren kann\n\n<h4>Rechte im Zusammenhang mit der Verarbeitung personenbezogener Daten<\/h4>\nDer Nutzer hat gegen\u00fcber <span class=\"blanc-space ng-binding\">Pvc Plus<\/span> die folgenden, im DSGVO und im Organgesetz 3\/2018 vom 5. Dezember anerkannten Rechte, die er beim Verantwortlichen geltend machen kann:\n<ul>\n \t<li><i>Auskunftsrecht:<\/i> Das Recht des Nutzers, eine Best\u00e4tigung dar\u00fcber zu erhalten, ob <span class=\"blanc-space ng-binding\">Pvc Plus<\/span> seine personenbezogenen Daten verarbeitet, und falls ja, Auskunft \u00fcber diese Daten und deren Verarbeitung zu erhalten, einschlie\u00dflich Informationen \u00fcber deren Herkunft und die Empf\u00e4nger von Mitteilungen oder geplanten \u00dcbermittlungen dieser Daten[1][4][13].<\/li>\n \t<li><i>Recht auf Berichtigung:<\/i> Das Recht des Nutzers, die Berichtigung seiner unrichtigen oder \u2013 unter Ber\u00fccksichtigung der Zwecke der Verarbeitung \u2013 unvollst\u00e4ndigen personenbezogenen Daten zu verlangen[1][2][5].<\/li>\n \t<li><i>Recht auf L\u00f6schung (&#8222;Recht auf Vergessenwerden&#8220;):<\/i> Das Recht des Nutzers, die L\u00f6schung seiner personenbezogenen Daten zu verlangen, sofern sie f\u00fcr die Zwecke, f\u00fcr die sie erhoben oder verarbeitet wurden, nicht mehr erforderlich sind, der Nutzer seine Einwilligung widerruft und keine andere Rechtsgrundlage besteht, der Nutzer Widerspruch einlegt und keine vorrangigen berechtigten Gr\u00fcnde vorliegen, die Daten unrechtm\u00e4\u00dfig verarbeitet wurden, die L\u00f6schung zur Erf\u00fcllung einer rechtlichen Verpflichtung erforderlich ist oder die Daten im Zusammenhang mit einem Angebot von Diensten der Informationsgesellschaft an ein Kind unter 14 Jahren erhoben wurden[1][5]. Der Verantwortliche muss zudem angemessene Ma\u00dfnahmen ergreifen, um Dritte, die die Daten verarbeiten, \u00fcber das L\u00f6schungsbegehren zu informieren.<\/li>\n \t<li><i>Recht auf Einschr\u00e4nkung der Verarbeitung:<\/i> Das Recht des Nutzers, die Einschr\u00e4nkung der Verarbeitung seiner personenbezogenen Daten zu verlangen, etwa wenn die Richtigkeit der Daten bestritten wird, die Verarbeitung unrechtm\u00e4\u00dfig ist, die Daten f\u00fcr die Zwecke der Verarbeitung nicht mehr ben\u00f6tigt werden, der Nutzer sie aber zur Geltendmachung von Anspr\u00fcchen ben\u00f6tigt, oder der Nutzer Widerspruch eingelegt hat[1][7][10][12].<\/li>\n \t<li><i>Recht auf Daten\u00fcbertragbarkeit:<\/i> Sofern die Verarbeitung automatisiert erfolgt, hat der Nutzer das Recht, seine personenbezogenen Daten in einem strukturierten, g\u00e4ngigen und maschinenlesbaren Format zu erhalten und sie einem anderen Verantwortlichen zu \u00fcbermitteln. Soweit technisch m\u00f6glich, erfolgt die \u00dcbermittlung direkt vom bisherigen an den neuen Verantwortlichen[1][5].<\/li>\n \t<li><i>Widerspruchsrecht:<\/i> Das Recht des Nutzers, der Verarbeitung seiner personenbezogenen Daten durch <span class=\"blanc-space ng-binding\">Pvc Plus<\/span> zu widersprechen oder deren Einstellung zu verlangen[1][5].<\/li>\n \t<li><i>Recht, nicht einer ausschlie\u00dflich auf einer automatisierten Verarbeitung \u2013 einschlie\u00dflich Profiling \u2013 beruhenden Entscheidung unterworfen zu werden:<\/i> Das Recht des Nutzers, keiner ausschlie\u00dflich auf einer automatisierten Verarbeitung, einschlie\u00dflich Profiling, beruhenden Entscheidung unterworfen zu werden, au\u00dfer wenn dies gesetzlich vorgesehen ist[1][5].<\/li>\n<\/ul>\nDer Nutzer kann diese Rechte durch eine schriftliche Mitteilung an den Verantwortlichen mit dem Betreff &#8222;DSGVO-<span class=\"blanc-space ng-binding\">https:\/\/www.pvcplus.es\/<\/span>&#8220; aus\u00fcben. Die Mitteilung muss Folgendes enthalten:\n<ul>\n \t<li>Name, Vorname des Nutzers und eine Kopie des Personalausweises. Bei Vertretung ist auch die Identifikation und der Nachweis der Vertretung der vertretenden Person erforderlich. Die Kopie des Ausweises kann durch ein anderes rechtlich zul\u00e4ssiges Mittel ersetzt werden, das die Identit\u00e4t nachweist.<\/li>\n \t<li>Das konkrete Anliegen oder die gew\u00fcnschte Information.<\/li>\n \t<li>Anschrift f\u00fcr Benachrichtigungen.<\/li>\n \t<li>Datum und Unterschrift des Antragstellers.<\/li>\n \t<li>Alle Unterlagen, die den Antrag belegen.<\/li>\n<\/ul>\nDer Antrag und alle beigef\u00fcgten Dokumente k\u00f6nnen an folgende Adresse und\/oder E-Mail gesendet werden:\n\nPostanschrift: <span class=\"blanc-space ng-binding\">Calle Pantano de la Vi\u00f1uela, 10 29740 Torre del mar<\/span>\n\nE-Mail: <span class=\"blanc-space ng-binding\">rpelaez.pvc@gmail.com<\/span>\n\n<h4>Links zu Websites Dritter<\/h4>\nDie Website kann Hyperlinks oder Links enthalten, die den Zugriff auf Websites Dritter erm\u00f6glichen, die nicht von <span class=\"blanc-space ng-binding\">Pvc Plus<\/span> betrieben werden. Die Betreiber dieser Websites verf\u00fcgen \u00fcber eigene Datenschutzrichtlinien und sind jeweils f\u00fcr ihre eigenen Dateien und Datenschutzpraktiken verantwortlich.\n\n<h4>Beschwerden bei der Aufsichtsbeh\u00f6rde<\/h4>\nFalls der Nutzer der Ansicht ist, dass bei der Verarbeitung seiner personenbezogenen Daten ein Problem oder ein Versto\u00df gegen die geltenden Vorschriften vorliegt, hat er das Recht auf effektiven gerichtlichen Rechtsschutz und kann eine Beschwerde bei einer Aufsichtsbeh\u00f6rde einreichen, insbesondere in dem Staat, in dem er seinen gew\u00f6hnlichen Aufenthalt, seinen Arbeitsplatz oder den Ort des mutma\u00dflichen Versto\u00dfes hat. Im Fall von Spanien ist die zust\u00e4ndige Aufsichtsbeh\u00f6rde die Agencia Espa\u00f1ola de Protecci\u00f3n de Datos (https:\/\/www.aepd.es\/). Die Beschwerde kann direkt elektronisch \u00fcber die Website der AEPD eingereicht werden[1][2][4][14]. Vorab kann auch eine Beschwerde beim Datenschutzbeauftragten der verantwortlichen Stelle eingereicht werden. Die AEPD bietet verschiedene Kontaktm\u00f6glichkeiten, darunter ein Online-Formular, Telefon (900 293 183) und pers\u00f6nliche Vorsprache mit Terminvereinbarung[6][15].\n\n<h3>II. ANNAHME UND \u00c4NDERUNGEN DIESER DATENSCHUTZERKL\u00c4RUNG<\/h3>\nEs ist erforderlich, dass der Nutzer die in dieser Datenschutzerkl\u00e4rung enthaltenen Bedingungen zum Schutz personenbezogener Daten gelesen hat und ihnen zustimmt sowie der Verarbeitung seiner personenbezogenen Daten zustimmt, damit der Verantwortliche diese in der angegebenen Form, f\u00fcr die angegebenen Zwecke und innerhalb der angegebenen Fristen verarbeiten kann. Die Nutzung der Website setzt die Annahme dieser Datenschutzerkl\u00e4rung voraus.\n\n<span class=\"blanc-space ng-binding\">Pvc Plus<\/span> beh\u00e4lt sich das Recht vor, seine Datenschutzerkl\u00e4rung nach eigenem Ermessen oder aufgrund gesetzlicher, rechtsprechender oder doktrin\u00e4rer \u00c4nderungen der spanischen Datenschutzbeh\u00f6rde zu \u00e4ndern. \u00c4nderungen oder Aktualisierungen dieser Datenschutzerkl\u00e4rung werden dem Nutzer nicht ausdr\u00fccklich mitgeteilt. Es wird empfohlen, diese Seite regelm\u00e4\u00dfig zu besuchen, um sich \u00fcber die neuesten \u00c4nderungen oder Aktualisierungen zu informieren.\n\nDiese Datenschutzerkl\u00e4rung wurde aktualisiert, um der Verordnung (EU) 2016\/679 des Europ\u00e4ischen Parlaments und des Rates vom 27. April 2016 (DSGVO) sowie dem Organgesetz 3\/2018 vom 5. Dezember zum Schutz personenbezogener Daten und zur Gew\u00e4hrleistung digitaler Rechte zu entsprechen.\n\n<\/div>\n<\/div>\n<\/div>\n<\/div>\t\t\t\t\t\t\t\t<\/div>\n\t\t\t\t<\/div>\n\t\t\t\t\t<\/div>\n\t\t\t\t<\/div>\n\t\t\t\t<\/div>\n\t\t","protected":false},"excerpt":{"rendered":"<p>Datenschutzerkl\u00e4rung I. DATENSCHUTZERKL\u00c4RUNG UND DATENSCHUTZ Unter Beachtung der geltenden gesetzlichen Bestimmungen verpflichtet sich Pvc Plus (im Folgenden auch Website genannt), die erforderlichen technischen und organisatorischen Ma\u00dfnahmen zu ergreifen, die dem Sicherheitsniveau entsprechend dem Risiko der erhobenen Daten angemessen sind. Gesetze, die in diese Datenschutzerkl\u00e4rung einflie\u00dfen Diese Datenschutzerkl\u00e4rung ist an die geltenden spanischen und europ\u00e4ischen Vorschriften [&hellip;]<\/p>\n","protected":false},"author":1,"featured_media":0,"parent":0,"menu_order":0,"comment_status":"closed","ping_status":"closed","template":"","meta":{"site-sidebar-layout":"no-sidebar","site-content-layout":"page-builder","ast-site-content-layout":"full-width-container","site-content-style":"unboxed","site-sidebar-style":"unboxed","ast-global-header-display":"","ast-banner-title-visibility":"","ast-main-header-display":"","ast-hfb-above-header-display":"","ast-hfb-below-header-display":"","ast-hfb-mobile-header-display":"","site-post-title":"disabled","ast-breadcrumbs-content":"disabled","ast-featured-img":"disabled","footer-sml-layout":"","theme-transparent-header-meta":"enabled","adv-header-id-meta":"","stick-header-meta":"default","header-above-stick-meta":"","header-main-stick-meta":"","header-below-stick-meta":"","astra-migrate-meta-layouts":"set","ast-page-background-enabled":"default","ast-page-background-meta":{"desktop":{"background-color":"","background-image":"","background-repeat":"repeat","background-position":"center center","background-size":"auto","background-attachment":"scroll","background-type":"","background-media":"","overlay-type":"","overlay-color":"","overlay-opacity":"","overlay-gradient":""},"tablet":{"background-color":"","background-image":"","background-repeat":"repeat","background-position":"center center","background-size":"auto","background-attachment":"scroll","background-type":"","background-media":"","overlay-type":"","overlay-color":"","overlay-opacity":"","overlay-gradient":""},"mobile":{"background-color":"","background-image":"","background-repeat":"repeat","background-position":"center center","background-size":"auto","background-attachment":"scroll","background-type":"","background-media":"","overlay-type":"","overlay-color":"","overlay-opacity":"","overlay-gradient":""}},"ast-content-background-meta":{"desktop":{"background-color":"var(--ast-global-color-5)","background-image":"","background-repeat":"repeat","background-position":"center center","background-size":"auto","background-attachment":"scroll","background-type":"","background-media":"","overlay-type":"","overlay-color":"","overlay-opacity":"","overlay-gradient":""},"tablet":{"background-color":"var(--ast-global-color-5)","background-image":"","background-repeat":"repeat","background-position":"center center","background-size":"auto","background-attachment":"scroll","background-type":"","background-media":"","overlay-type":"","overlay-color":"","overlay-opacity":"","overlay-gradient":""},"mobile":{"background-color":"var(--ast-global-color-5)","background-image":"","background-repeat":"repeat","background-position":"center center","background-size":"auto","background-attachment":"scroll","background-type":"","background-media":"","overlay-type":"","overlay-color":"","overlay-opacity":"","overlay-gradient":""}},"footnotes":""},"class_list":["post-1977","page","type-page","status-publish","hentry"],"_links":{"self":[{"href":"https:\/\/www.pvcplus.es\/de\/wp-json\/wp\/v2\/pages\/1977","targetHints":{"allow":["GET"]}}],"collection":[{"href":"https:\/\/www.pvcplus.es\/de\/wp-json\/wp\/v2\/pages"}],"about":[{"href":"https:\/\/www.pvcplus.es\/de\/wp-json\/wp\/v2\/types\/page"}],"author":[{"embeddable":true,"href":"https:\/\/www.pvcplus.es\/de\/wp-json\/wp\/v2\/users\/1"}],"replies":[{"embeddable":true,"href":"https:\/\/www.pvcplus.es\/de\/wp-json\/wp\/v2\/comments?post=1977"}],"version-history":[{"count":5,"href":"https:\/\/www.pvcplus.es\/de\/wp-json\/wp\/v2\/pages\/1977\/revisions"}],"predecessor-version":[{"id":1983,"href":"https:\/\/www.pvcplus.es\/de\/wp-json\/wp\/v2\/pages\/1977\/revisions\/1983"}],"wp:attachment":[{"href":"https:\/\/www.pvcplus.es\/de\/wp-json\/wp\/v2\/media?parent=1977"}],"curies":[{"name":"wp","href":"https:\/\/api.w.org\/{rel}","templated":true}]}}