{"id":1970,"date":"2024-09-10T18:46:47","date_gmt":"2024-09-10T16:46:47","guid":{"rendered":"https:\/\/www.pvcplus.es\/politica-de-cookies\/"},"modified":"2025-04-25T12:20:23","modified_gmt":"2025-04-25T10:20:23","slug":"richtlinie-zu-cookies","status":"publish","type":"page","link":"https:\/\/www.pvcplus.es\/de\/richtlinie-zu-cookies\/","title":{"rendered":"Richtlinie zu Cookies"},"content":{"rendered":"\t\t<div data-elementor-type=\"wp-post\" data-elementor-id=\"1970\" class=\"elementor elementor-1970 elementor-1327\">\n\t\t\t\t<div class=\"elementor-element elementor-element-3c42617 e-flex e-con-boxed e-con e-parent\" data-id=\"3c42617\" data-element_type=\"container\" data-e-type=\"container\" data-settings=\"{&quot;background_background&quot;:&quot;classic&quot;}\">\n\t\t\t\t\t<div class=\"e-con-inner\">\n\t\t<div class=\"elementor-element elementor-element-5ce4fa3 e-con-full e-flex e-con e-child\" data-id=\"5ce4fa3\" data-element_type=\"container\" data-e-type=\"container\">\n\t\t\t\t<div class=\"elementor-element elementor-element-c9efc95 elementor-widget elementor-widget-heading\" data-id=\"c9efc95\" data-element_type=\"widget\" data-e-type=\"widget\" data-widget_type=\"heading.default\">\n\t\t\t\t<div class=\"elementor-widget-container\">\n\t\t\t\t\t<h1 class=\"elementor-heading-title elementor-size-default\">Richtlinie zu Cookies<\/h1>\t\t\t\t<\/div>\n\t\t\t\t<\/div>\n\t\t\t\t<\/div>\n\t\t\t\t\t<\/div>\n\t\t\t\t<\/div>\n\t\t<div class=\"elementor-element elementor-element-61a1e6d e-flex e-con-boxed e-con e-parent\" data-id=\"61a1e6d\" data-element_type=\"container\" data-e-type=\"container\" data-settings=\"{&quot;background_background&quot;:&quot;classic&quot;}\">\n\t\t\t\t\t<div class=\"e-con-inner\">\n\t\t\t\t<div class=\"elementor-element elementor-element-d3f42a0 elementor-widget elementor-widget-text-editor\" data-id=\"d3f42a0\" data-element_type=\"widget\" data-e-type=\"widget\" data-widget_type=\"text-editor.default\">\n\t\t\t\t<div class=\"elementor-widget-container\">\n\t\t\t\t\t\t\t\t\t<div class=\"row\">\n<div class=\"col-xl-10 mx-auto\">\n<div class=\"paper\"><header class=\"text-center\">\n<div class=\"row\">\n<div class=\"col-xl-10 mx-auto\">\n<div class=\"paper\"><header class=\"text-center\">\n<h4><span style=\"font-size: 16px;\">Der Zugriff auf diese Website kann die Verwendung von Cookies beinhalten. Cookies sind kleine Informationsmengen, die im Browser jedes Nutzers gespeichert werden \u2013 auf den verschiedenen Ger\u00e4ten, die er zum Surfen verwendet \u2013, damit der Server bestimmte Informationen speichern kann, die sp\u00e4ter und ausschlie\u00dflich vom Server, der sie implementiert hat, gelesen werden. Cookies erleichtern die Navigation, machen sie benutzerfreundlicher und schaden dem Navigationsger\u00e4t nicht.<\/span><\/h4>\n<\/header>\n<div>\n\nCookies sind automatische Verfahren zur Sammlung von Informationen \u00fcber die vom Nutzer bei seinem Besuch auf der Website festgelegten Pr\u00e4ferenzen, um ihn als Nutzer zu erkennen, seine Erfahrung und Nutzung der Website zu personalisieren und k\u00f6nnen zum Beispiel auch helfen, Fehler zu identifizieren und zu beheben.\n\nDie durch Cookies gesammelten Informationen k\u00f6nnen das Datum und die Uhrzeit der Besuche auf der Website, die angesehenen Seiten, die auf der Website verbrachte Zeit und die unmittelbar davor und danach besuchten Seiten umfassen. Allerdings erm\u00f6glicht kein Cookie, dass damit Kontakt mit der Telefonnummer des Nutzers oder mit anderen pers\u00f6nlichen Kontaktm\u00f6glichkeiten aufgenommen werden kann. Kein Cookie kann Informationen von der Festplatte des Nutzers extrahieren oder pers\u00f6nliche Informationen stehlen. Die einzige M\u00f6glichkeit, dass private Informationen des Nutzers Teil der Cookie-Datei werden, ist, dass der Nutzer diese Informationen dem Server pers\u00f6nlich zur Verf\u00fcgung stellt.\n\nCookies, die eine Person identifizieren k\u00f6nnen, gelten als personenbezogene Daten. Daher gilt f\u00fcr sie die oben beschriebene Datenschutzrichtlinie. In diesem Sinne ist f\u00fcr deren Verwendung die Zustimmung des Nutzers erforderlich. Diese Zustimmung wird auf der Grundlage einer echten Wahl, durch eine ausdr\u00fcckliche und positive Entscheidung, vor der ersten Verarbeitung, widerrufbar und dokumentiert, mitgeteilt.\n<div class=\"\">\n<h4>Eigene Cookies<\/h4>\nDies sind Cookies, die an den Computer oder das Ger\u00e4t des Nutzers gesendet und ausschlie\u00dflich von <span class=\"blanc-space ng-binding\">Pvc Plus<\/span> f\u00fcr das bessere Funktionieren der Website verwaltet werden. Die gesammelten Informationen werden verwendet, um die Qualit\u00e4t der Website und ihrer Inhalte sowie die Erfahrung des Nutzers zu verbessern. Diese Cookies erm\u00f6glichen es, den Nutzer als wiederkehrenden Besucher der Website zu erkennen und den Inhalt anzupassen, um ihm Inhalte anzubieten, die seinen Pr\u00e4ferenzen entsprechen.\n\n<\/div>\n<div class=\"thirdCookies\">\n<h4>Cookies von Drittanbietern<\/h4>\nDies sind Cookies, die von externen Unternehmen verwendet und verwaltet werden, die <span class=\"blanc-space ng-binding\">Pvc Plus<\/span> die vom Unternehmen angeforderten Dienste zur Verbesserung der Website und der Benutzererfahrung beim Surfen auf der Website bereitstellen. Die Hauptziele, f\u00fcr die Cookies von Drittanbietern verwendet werden, sind die Gewinnung von Zugriffsstatistiken und die Analyse von Navigationsinformationen, d. h. wie der Nutzer mit der Website interagiert.\n\nDie erhaltenen Informationen beziehen sich zum Beispiel auf die Anzahl der besuchten Seiten, die Sprache, den Ort, von dem aus auf die Website zugegriffen wird (IP-Adresse), die Anzahl der Nutzer, die darauf zugreifen, die H\u00e4ufigkeit und Wiederholung der Besuche, die Besuchsdauer, den verwendeten Browser, den Betreiber oder den Ger\u00e4tetyp, von dem aus der Besuch erfolgt. Diese Informationen werden verwendet, um die Website zu verbessern und neue Bed\u00fcrfnisse zu erkennen, um den Nutzern qualitativ hochwertige Inhalte und\/oder Dienstleistungen anzubieten. In jedem Fall werden die Informationen anonym gesammelt und Trendberichte der Website erstellt, ohne einzelne Nutzer zu identifizieren.\n\nWeitere Informationen \u00fcber Cookies, Datenschutzinformationen oder eine Beschreibung der verwendeten Cookie-Typen, ihrer wichtigsten Merkmale, Ablaufzeiten usw. finden Sie unter folgendem\/n Link(s):\n<p class=\"text-wrap ng-binding\">Google, Google Analytics<\/p>\nDas\/die f\u00fcr die Bereitstellung der Cookies verantwortliche(n) Unternehmen kann\/k\u00f6nnen diese Informationen an Dritte weitergeben, sofern dies gesetzlich vorgeschrieben ist oder ein Dritter diese Informationen f\u00fcr diese Unternehmen verarbeitet.\n\n<\/div>\n<div class=\"\">\n<h4>Cookies von sozialen Netzwerken<\/h4>\n<span class=\"blanc-space ng-binding\">Pvc Plus<\/span> integriert Social-Media-Plugins, die den Zugriff auf diese Netzwerke von der Website aus erm\u00f6glichen. Aus diesem Grund k\u00f6nnen Cookies von sozialen Netzwerken im Browser des Nutzers gespeichert werden. Die Betreiber dieser sozialen Netzwerke haben eigene Datenschutz- und Cookie-Richtlinien und sind jeweils f\u00fcr ihre eigenen Dateien und Datenschutzpraktiken verantwortlich. Der Nutzer sollte sich auf diese Richtlinien beziehen, um Informationen \u00fcber diese Cookies und gegebenenfalls \u00fcber die Verarbeitung seiner personenbezogenen Daten zu erhalten. Nachfolgend werden nur zu Informationszwecken die Links angegeben, unter denen diese Datenschutz- und\/oder Cookie-Richtlinien eingesehen werden k\u00f6nnen:\n<ul>\n \t<li>Facebook: <a class=\"text-info\" href=\"https:\/\/www.facebook.com\/policies\/cookies\/\" target=\"_blank\" rel=\"noopener\">https:\/\/www.facebook.com\/policies\/cookies\/<\/a><\/li>\n \t<li>Twitter: <a class=\"text-info\" href=\"https:\/\/twitter.com\/es\/privacy\" target=\"_blank\" rel=\"noopener\">https:\/\/twitter.com\/es\/privacy<\/a><\/li>\n \t<li>Instagram: <a class=\"text-info\" href=\"https:\/\/help.instagram.com\/1896641480634370?ref=ig\" target=\"_blank\" rel=\"noopener\">https:\/\/help.instagram.com\/1896641480634370?ref=ig<\/a><\/li>\n \t<li>YouTube: <a class=\"text-info\" href=\"https:\/\/policies.google.com\/privacy?hl=es-419&amp;gl=mx\" target=\"_blank\" rel=\"noopener\">https:\/\/policies.google.com\/privacy?hl=es-419&amp;gl=mx<\/a><\/li>\n \t<li>Pinterest: <a class=\"text-info\" href=\"https:\/\/policy.pinterest.com\/es\/privacy-policy\" target=\"_blank\" rel=\"noopener\">https:\/\/policy.pinterest.com\/es\/privacy-policy<\/a><\/li>\n \t<li>LinkedIn: <a class=\"text-info\" href=\"https:\/\/www.linkedin.com\/legal\/cookie-policy?trk=hp-cookies\" target=\"_blank\" rel=\"noopener\">https:\/\/www.linkedin.com\/legal\/cookie-policy?trk=hp-cookies<\/a><\/li>\n<\/ul>\n<\/div>\n<h4>Deaktivieren, Ablehnen und L\u00f6schen von Cookies<\/h4>\nDer Nutzer kann die auf seinem Ger\u00e4t installierten Cookies \u2014 ganz oder teilweise \u2014 \u00fcber die Einstellungen seines Browsers (z. B. Chrome, Firefox, Safari, Explorer) deaktivieren, ablehnen und l\u00f6schen. Die Verfahren zum Ablehnen und L\u00f6schen von Cookies k\u00f6nnen je nach Internetbrowser variieren. Daher sollte sich der Nutzer an die Anweisungen des jeweils verwendeten Internetbrowsers halten. Wenn die Verwendung von Cookies \u2014 ganz oder teilweise \u2014 abgelehnt wird, kann die Website weiterhin genutzt werden, allerdings kann die Nutzung einiger Funktionen eingeschr\u00e4nkt sein.\n\n<\/div>\n<\/div>\n<\/div>\n<\/div>\n<\/header><\/div>\n<\/div>\n<\/div>\n<\/div>\t\t\t\t\t\t\t\t<\/div>\n\t\t\t\t<\/div>\n\t\t\t\t\t<\/div>\n\t\t\t\t<\/div>\n\t\t\t\t<\/div>\n\t\t","protected":false},"excerpt":{"rendered":"<p>Richtlinie zu Cookies Der Zugriff auf diese Website kann die Verwendung von Cookies beinhalten. Cookies sind kleine Informationsmengen, die im Browser jedes Nutzers gespeichert werden \u2013 auf den verschiedenen Ger\u00e4ten, die er zum Surfen verwendet \u2013, damit der Server bestimmte Informationen speichern kann, die sp\u00e4ter und ausschlie\u00dflich vom Server, der sie implementiert hat, gelesen werden. [&hellip;]<\/p>\n","protected":false},"author":1,"featured_media":0,"parent":0,"menu_order":0,"comment_status":"closed","ping_status":"closed","template":"","meta":{"site-sidebar-layout":"no-sidebar","site-content-layout":"page-builder","ast-site-content-layout":"full-width-container","site-content-style":"unboxed","site-sidebar-style":"unboxed","ast-global-header-display":"","ast-banner-title-visibility":"","ast-main-header-display":"","ast-hfb-above-header-display":"","ast-hfb-below-header-display":"","ast-hfb-mobile-header-display":"","site-post-title":"disabled","ast-breadcrumbs-content":"disabled","ast-featured-img":"disabled","footer-sml-layout":"","theme-transparent-header-meta":"enabled","adv-header-id-meta":"","stick-header-meta":"default","header-above-stick-meta":"","header-main-stick-meta":"","header-below-stick-meta":"","astra-migrate-meta-layouts":"set","ast-page-background-enabled":"default","ast-page-background-meta":{"desktop":{"background-color":"","background-image":"","background-repeat":"repeat","background-position":"center center","background-size":"auto","background-attachment":"scroll","background-type":"","background-media":"","overlay-type":"","overlay-color":"","overlay-opacity":"","overlay-gradient":""},"tablet":{"background-color":"","background-image":"","background-repeat":"repeat","background-position":"center center","background-size":"auto","background-attachment":"scroll","background-type":"","background-media":"","overlay-type":"","overlay-color":"","overlay-opacity":"","overlay-gradient":""},"mobile":{"background-color":"","background-image":"","background-repeat":"repeat","background-position":"center center","background-size":"auto","background-attachment":"scroll","background-type":"","background-media":"","overlay-type":"","overlay-color":"","overlay-opacity":"","overlay-gradient":""}},"ast-content-background-meta":{"desktop":{"background-color":"var(--ast-global-color-5)","background-image":"","background-repeat":"repeat","background-position":"center center","background-size":"auto","background-attachment":"scroll","background-type":"","background-media":"","overlay-type":"","overlay-color":"","overlay-opacity":"","overlay-gradient":""},"tablet":{"background-color":"var(--ast-global-color-5)","background-image":"","background-repeat":"repeat","background-position":"center center","background-size":"auto","background-attachment":"scroll","background-type":"","background-media":"","overlay-type":"","overlay-color":"","overlay-opacity":"","overlay-gradient":""},"mobile":{"background-color":"var(--ast-global-color-5)","background-image":"","background-repeat":"repeat","background-position":"center center","background-size":"auto","background-attachment":"scroll","background-type":"","background-media":"","overlay-type":"","overlay-color":"","overlay-opacity":"","overlay-gradient":""}},"footnotes":""},"class_list":["post-1970","page","type-page","status-publish","hentry"],"_links":{"self":[{"href":"https:\/\/www.pvcplus.es\/de\/wp-json\/wp\/v2\/pages\/1970","targetHints":{"allow":["GET"]}}],"collection":[{"href":"https:\/\/www.pvcplus.es\/de\/wp-json\/wp\/v2\/pages"}],"about":[{"href":"https:\/\/www.pvcplus.es\/de\/wp-json\/wp\/v2\/types\/page"}],"author":[{"embeddable":true,"href":"https:\/\/www.pvcplus.es\/de\/wp-json\/wp\/v2\/users\/1"}],"replies":[{"embeddable":true,"href":"https:\/\/www.pvcplus.es\/de\/wp-json\/wp\/v2\/comments?post=1970"}],"version-history":[{"count":5,"href":"https:\/\/www.pvcplus.es\/de\/wp-json\/wp\/v2\/pages\/1970\/revisions"}],"predecessor-version":[{"id":1975,"href":"https:\/\/www.pvcplus.es\/de\/wp-json\/wp\/v2\/pages\/1970\/revisions\/1975"}],"wp:attachment":[{"href":"https:\/\/www.pvcplus.es\/de\/wp-json\/wp\/v2\/media?parent=1970"}],"curies":[{"name":"wp","href":"https:\/\/api.w.org\/{rel}","templated":true}]}}