{"id":1939,"date":"2024-09-11T13:44:07","date_gmt":"2024-09-11T11:44:07","guid":{"rendered":"https:\/\/www.pvcplus.es\/cerramientos-de-pvc\/"},"modified":"2025-04-25T12:07:09","modified_gmt":"2025-04-25T10:07:09","slug":"verkapselungen-pvc","status":"publish","type":"page","link":"https:\/\/www.pvcplus.es\/de\/verkapselungen-pvc\/","title":{"rendered":"Verkapselungen"},"content":{"rendered":"\t\t<div data-elementor-type=\"wp-post\" data-elementor-id=\"1939\" class=\"elementor elementor-1939 elementor-1477\">\n\t\t\t\t<div class=\"elementor-element elementor-element-836c7a7 e-flex e-con-boxed e-con e-parent\" data-id=\"836c7a7\" data-element_type=\"container\" data-e-type=\"container\" data-settings=\"{&quot;background_background&quot;:&quot;classic&quot;}\">\n\t\t\t\t\t<div class=\"e-con-inner\">\n\t\t<div class=\"elementor-element elementor-element-081b662 e-con-full e-flex e-con e-child\" data-id=\"081b662\" data-element_type=\"container\" data-e-type=\"container\">\n\t\t\t\t<div class=\"elementor-element elementor-element-ca31bc8 elementor-widget elementor-widget-heading\" data-id=\"ca31bc8\" data-element_type=\"widget\" data-e-type=\"widget\" data-widget_type=\"heading.default\">\n\t\t\t\t<div class=\"elementor-widget-container\">\n\t\t\t\t\t<h1 class=\"elementor-heading-title elementor-size-default\">PVC-Verkapselungen<\/h1>\t\t\t\t<\/div>\n\t\t\t\t<\/div>\n\t\t\t\t<\/div>\n\t\t\t\t\t<\/div>\n\t\t\t\t<\/div>\n\t\t<div class=\"elementor-element elementor-element-bbff81d e-flex e-con-boxed e-con e-parent\" data-id=\"bbff81d\" data-element_type=\"container\" data-e-type=\"container\" data-settings=\"{&quot;background_background&quot;:&quot;classic&quot;}\">\n\t\t\t\t\t<div class=\"e-con-inner\">\n\t\t<div class=\"elementor-element elementor-element-8e7db82 e-con-full e-flex e-con e-child\" data-id=\"8e7db82\" data-element_type=\"container\" data-e-type=\"container\">\n\t\t<div class=\"elementor-element elementor-element-ece5f6a e-con-full e-flex e-con e-child\" data-id=\"ece5f6a\" data-element_type=\"container\" data-e-type=\"container\" data-settings=\"{&quot;background_background&quot;:&quot;classic&quot;}\">\n\t\t<div class=\"elementor-element elementor-element-d9a2a80 e-con-full e-flex e-con e-child\" data-id=\"d9a2a80\" data-element_type=\"container\" data-e-type=\"container\" data-settings=\"{&quot;background_background&quot;:&quot;classic&quot;}\">\n\t\t\t\t<div class=\"elementor-element elementor-element-48bcbef elementor-widget elementor-widget-image\" data-id=\"48bcbef\" data-element_type=\"widget\" data-e-type=\"widget\" data-widget_type=\"image.default\">\n\t\t\t\t<div class=\"elementor-widget-container\">\n\t\t\t\t\t\t\t\t\t\t\t\t\t\t\t<img fetchpriority=\"high\" decoding=\"async\" width=\"1024\" height=\"768\" src=\"https:\/\/www.pvcplus.es\/wp-content\/uploads\/2025\/04\/IMG-20241016-WA0031-1.jpg\" class=\"attachment-full size-full wp-image-2010\" alt=\"\" srcset=\"https:\/\/www.pvcplus.es\/wp-content\/uploads\/2025\/04\/IMG-20241016-WA0031-1.jpg 1024w, https:\/\/www.pvcplus.es\/wp-content\/uploads\/2025\/04\/IMG-20241016-WA0031-1-300x225.jpg 300w, https:\/\/www.pvcplus.es\/wp-content\/uploads\/2025\/04\/IMG-20241016-WA0031-1-768x576.jpg 768w\" sizes=\"(max-width: 1024px) 100vw, 1024px\" \/>\t\t\t\t\t\t\t\t\t\t\t\t\t\t\t<\/div>\n\t\t\t\t<\/div>\n\t\t\t\t<\/div>\n\t\t<div class=\"elementor-element elementor-element-d1ca948 e-con-full e-flex e-con e-child\" data-id=\"d1ca948\" data-element_type=\"container\" data-e-type=\"container\">\n\t\t\t\t<div class=\"elementor-element elementor-element-1876390 elementor-widget elementor-widget-uael-infobox\" data-id=\"1876390\" data-element_type=\"widget\" data-e-type=\"widget\" data-widget_type=\"uael-infobox.default\">\n\t\t\t\t<div class=\"elementor-widget-container\">\n\t\t\t\t\t\n<div class=\"uael-module-content uael-infobox uael-imgicon-style-normal  uael-infobox-left  infobox-has-icon uael-infobox-icon-above-title  uael-infobox-link-type-none\">\n\t<div class=\"uael-infobox-left-right-wrap\">\n\t\t\t\t\t\t<div class=\"uael-infobox-content\">\n\t\t\t\t\t\t\t<div class=\"uael-module-content uael-imgicon-wrap \">\t\t\t\t\t\t\t\t\t\t\t\n\t\t\t\t\t\t\t\t\t\t\t\t\t\t<\/div>\n\t\t\t\t\t\t\t<div class='uael-infobox-title-wrap'><\/div>\t\t\t\t\t\t\t\t\t<div class=\"uael-infobox-text-wrap\">\n\t\t\t\t<div class=\"uael-infobox-text elementor-inline-editing\" data-elementor-setting-key=\"infobox_description\" data-elementor-inline-editing-toolbar=\"advanced\">\n\t\t\t\t\tUnsere PVC-Verkapselungen sind die ideale L\u00f6sung, um deine Au\u00dfenr\u00e4ume zu erweitern und zu sch\u00fctzen, ohne auf Komfort zu verzichten. Dank der isolierenden Eigenschaften von PVC bieten diese Verkapselungen eine ausgezeichnete Energieeffizienz, halten die optimale Temperatur im Innenbereich und reduzieren den Au\u00dfenger\u00e4uschpegel.\t\t\t\t<\/div>\n\t\t\t\t\t\n\t\t\t\t\t\t\t<\/div>\n\t\t<\/div>\n\t\t\t<\/div>\n<\/div>\n\t\t\t\t<\/div>\n\t\t\t\t<\/div>\n\t\t\t\t<\/div>\n\t\t\t\t<\/div>\n\t\t\t\t<\/div>\n\t\t\t\t\t<\/div>\n\t\t\t\t<\/div>\n\t\t<div class=\"elementor-element elementor-element-242316c e-flex e-con-boxed e-con e-parent\" data-id=\"242316c\" data-element_type=\"container\" data-e-type=\"container\">\n\t\t\t\t\t<div class=\"e-con-inner\">\n\t\t\t\t<div class=\"elementor-element elementor-element-73c0e8a elementor-widget elementor-widget-heading\" data-id=\"73c0e8a\" data-element_type=\"widget\" data-e-type=\"widget\" data-widget_type=\"heading.default\">\n\t\t\t\t<div class=\"elementor-widget-container\">\n\t\t\t\t\t<h3 class=\"elementor-heading-title elementor-size-default\">Einige unserer Arbeiten<\/h3>\t\t\t\t<\/div>\n\t\t\t\t<\/div>\n\t\t\t\t<div class=\"elementor-element elementor-element-4ec0043 gallery-spacing-custom elementor-widget elementor-widget-image-gallery\" data-id=\"4ec0043\" data-element_type=\"widget\" data-e-type=\"widget\" data-widget_type=\"image-gallery.default\">\n\t\t\t\t<div class=\"elementor-widget-container\">\n\t\t\t\t\t\t\t<div class=\"elementor-image-gallery\">\n\t\t\t<div id='gallery-1' class='gallery galleryid-1939 gallery-columns-4 gallery-size-full'><figure class='gallery-item'>\n\t\t\t<div class='gallery-icon landscape'>\n\t\t\t\t<a data-elementor-open-lightbox=\"yes\" data-elementor-lightbox-slideshow=\"4ec0043\" data-e-action-hash=\"#elementor-action%3Aaction%3Dlightbox%26settings%3DeyJpZCI6MTk5OCwidXJsIjoiaHR0cHM6XC9cL3d3dy5wdmNwbHVzLmVzXC93cC1jb250ZW50XC91cGxvYWRzXC8yMDI1XC8wNFwvQ0VSUkFNSUVOVE8uanBnIiwic2xpZGVzaG93IjoiNGVjMDA0MyJ9\" href='https:\/\/www.pvcplus.es\/wp-content\/uploads\/2025\/04\/CERRAMIENTO.jpg'><img decoding=\"async\" width=\"1600\" height=\"1200\" src=\"https:\/\/www.pvcplus.es\/wp-content\/uploads\/2025\/04\/CERRAMIENTO.jpg\" class=\"attachment-full size-full\" alt=\"\" srcset=\"https:\/\/www.pvcplus.es\/wp-content\/uploads\/2025\/04\/CERRAMIENTO.jpg 1600w, https:\/\/www.pvcplus.es\/wp-content\/uploads\/2025\/04\/CERRAMIENTO-300x225.jpg 300w, https:\/\/www.pvcplus.es\/wp-content\/uploads\/2025\/04\/CERRAMIENTO-1024x768.jpg 1024w, https:\/\/www.pvcplus.es\/wp-content\/uploads\/2025\/04\/CERRAMIENTO-768x576.jpg 768w, https:\/\/www.pvcplus.es\/wp-content\/uploads\/2025\/04\/CERRAMIENTO-1536x1152.jpg 1536w\" sizes=\"(max-width: 1600px) 100vw, 1600px\" \/><\/a>\n\t\t\t<\/div><\/figure><figure class='gallery-item'>\n\t\t\t<div class='gallery-icon landscape'>\n\t\t\t\t<a data-elementor-open-lightbox=\"yes\" data-elementor-lightbox-slideshow=\"4ec0043\" data-e-action-hash=\"#elementor-action%3Aaction%3Dlightbox%26settings%3DeyJpZCI6MjAxMCwidXJsIjoiaHR0cHM6XC9cL3d3dy5wdmNwbHVzLmVzXC93cC1jb250ZW50XC91cGxvYWRzXC8yMDI1XC8wNFwvSU1HLTIwMjQxMDE2LVdBMDAzMS0xLmpwZyIsInNsaWRlc2hvdyI6IjRlYzAwNDMifQ%3D%3D\" href='https:\/\/www.pvcplus.es\/wp-content\/uploads\/2025\/04\/IMG-20241016-WA0031-1.jpg'><img decoding=\"async\" width=\"1024\" height=\"768\" src=\"https:\/\/www.pvcplus.es\/wp-content\/uploads\/2025\/04\/IMG-20241016-WA0031-1.jpg\" class=\"attachment-full size-full\" alt=\"\" srcset=\"https:\/\/www.pvcplus.es\/wp-content\/uploads\/2025\/04\/IMG-20241016-WA0031-1.jpg 1024w, https:\/\/www.pvcplus.es\/wp-content\/uploads\/2025\/04\/IMG-20241016-WA0031-1-300x225.jpg 300w, https:\/\/www.pvcplus.es\/wp-content\/uploads\/2025\/04\/IMG-20241016-WA0031-1-768x576.jpg 768w\" sizes=\"(max-width: 1024px) 100vw, 1024px\" \/><\/a>\n\t\t\t<\/div><\/figure><figure class='gallery-item'>\n\t\t\t<div class='gallery-icon landscape'>\n\t\t\t\t<a data-elementor-open-lightbox=\"yes\" data-elementor-lightbox-slideshow=\"4ec0043\" data-e-action-hash=\"#elementor-action%3Aaction%3Dlightbox%26settings%3DeyJpZCI6MjAxOSwidXJsIjoiaHR0cHM6XC9cL3d3dy5wdmNwbHVzLmVzXC93cC1jb250ZW50XC91cGxvYWRzXC8yMDI1XC8wNFwvSU1HLTIwMjUwNDIzLVdBMDAxNi5qcGciLCJzbGlkZXNob3ciOiI0ZWMwMDQzIn0%3D\" href='https:\/\/www.pvcplus.es\/wp-content\/uploads\/2025\/04\/IMG-20250423-WA0016.jpg'><img loading=\"lazy\" decoding=\"async\" width=\"1600\" height=\"1200\" src=\"https:\/\/www.pvcplus.es\/wp-content\/uploads\/2025\/04\/IMG-20250423-WA0016.jpg\" class=\"attachment-full size-full\" alt=\"\" srcset=\"https:\/\/www.pvcplus.es\/wp-content\/uploads\/2025\/04\/IMG-20250423-WA0016.jpg 1600w, https:\/\/www.pvcplus.es\/wp-content\/uploads\/2025\/04\/IMG-20250423-WA0016-300x225.jpg 300w, https:\/\/www.pvcplus.es\/wp-content\/uploads\/2025\/04\/IMG-20250423-WA0016-1024x768.jpg 1024w, https:\/\/www.pvcplus.es\/wp-content\/uploads\/2025\/04\/IMG-20250423-WA0016-768x576.jpg 768w, https:\/\/www.pvcplus.es\/wp-content\/uploads\/2025\/04\/IMG-20250423-WA0016-1536x1152.jpg 1536w\" sizes=\"(max-width: 1600px) 100vw, 1600px\" \/><\/a>\n\t\t\t<\/div><\/figure><figure class='gallery-item'>\n\t\t\t<div class='gallery-icon landscape'>\n\t\t\t\t<a data-elementor-open-lightbox=\"yes\" data-elementor-lightbox-slideshow=\"4ec0043\" data-e-action-hash=\"#elementor-action%3Aaction%3Dlightbox%26settings%3DeyJpZCI6MTk5NSwidXJsIjoiaHR0cHM6XC9cL3d3dy5wdmNwbHVzLmVzXC93cC1jb250ZW50XC91cGxvYWRzXC8yMDI1XC8wNFwvSU1HLTIwMjQxMDE2LVdBMDAyOC5qcGciLCJzbGlkZXNob3ciOiI0ZWMwMDQzIn0%3D\" href='https:\/\/www.pvcplus.es\/wp-content\/uploads\/2025\/04\/IMG-20241016-WA0028.jpg'><img loading=\"lazy\" decoding=\"async\" width=\"1024\" height=\"768\" src=\"https:\/\/www.pvcplus.es\/wp-content\/uploads\/2025\/04\/IMG-20241016-WA0028.jpg\" class=\"attachment-full size-full\" alt=\"\" srcset=\"https:\/\/www.pvcplus.es\/wp-content\/uploads\/2025\/04\/IMG-20241016-WA0028.jpg 1024w, https:\/\/www.pvcplus.es\/wp-content\/uploads\/2025\/04\/IMG-20241016-WA0028-300x225.jpg 300w, https:\/\/www.pvcplus.es\/wp-content\/uploads\/2025\/04\/IMG-20241016-WA0028-768x576.jpg 768w\" sizes=\"(max-width: 1024px) 100vw, 1024px\" \/><\/a>\n\t\t\t<\/div><\/figure><figure class='gallery-item'>\n\t\t\t<div class='gallery-icon landscape'>\n\t\t\t\t<a data-elementor-open-lightbox=\"yes\" data-elementor-lightbox-slideshow=\"4ec0043\" data-e-action-hash=\"#elementor-action%3Aaction%3Dlightbox%26settings%3DeyJpZCI6MjAxNiwidXJsIjoiaHR0cHM6XC9cL3d3dy5wdmNwbHVzLmVzXC93cC1jb250ZW50XC91cGxvYWRzXC8yMDI1XC8wNFwvSU1HLTIwMjUwNDIzLVdBMDAxNS5qcGciLCJzbGlkZXNob3ciOiI0ZWMwMDQzIn0%3D\" href='https:\/\/www.pvcplus.es\/wp-content\/uploads\/2025\/04\/IMG-20250423-WA0015.jpg'><img loading=\"lazy\" decoding=\"async\" width=\"1600\" height=\"1200\" src=\"https:\/\/www.pvcplus.es\/wp-content\/uploads\/2025\/04\/IMG-20250423-WA0015.jpg\" class=\"attachment-full size-full\" alt=\"\" srcset=\"https:\/\/www.pvcplus.es\/wp-content\/uploads\/2025\/04\/IMG-20250423-WA0015.jpg 1600w, https:\/\/www.pvcplus.es\/wp-content\/uploads\/2025\/04\/IMG-20250423-WA0015-300x225.jpg 300w, https:\/\/www.pvcplus.es\/wp-content\/uploads\/2025\/04\/IMG-20250423-WA0015-1024x768.jpg 1024w, https:\/\/www.pvcplus.es\/wp-content\/uploads\/2025\/04\/IMG-20250423-WA0015-768x576.jpg 768w, https:\/\/www.pvcplus.es\/wp-content\/uploads\/2025\/04\/IMG-20250423-WA0015-1536x1152.jpg 1536w\" sizes=\"(max-width: 1600px) 100vw, 1600px\" \/><\/a>\n\t\t\t<\/div><\/figure>\n\t\t<\/div>\n\t\t<\/div>\n\t\t\t\t\t\t<\/div>\n\t\t\t\t<\/div>\n\t\t\t\t\t<\/div>\n\t\t\t\t<\/div>\n\t\t\t\t<\/div>\n\t\t","protected":false},"excerpt":{"rendered":"<p>PVC-Verkapselungen Unsere PVC-Verkapselungen sind die ideale L\u00f6sung, um deine Au\u00dfenr\u00e4ume zu erweitern und zu sch\u00fctzen, ohne auf Komfort zu verzichten. Dank der isolierenden Eigenschaften von PVC bieten diese Verkapselungen eine ausgezeichnete Energieeffizienz, halten die optimale Temperatur im Innenbereich und reduzieren den Au\u00dfenger\u00e4uschpegel. Einige unserer Arbeiten<\/p>\n","protected":false},"author":1,"featured_media":0,"parent":0,"menu_order":0,"comment_status":"closed","ping_status":"closed","template":"","meta":{"site-sidebar-layout":"no-sidebar","site-content-layout":"page-builder","ast-site-content-layout":"full-width-container","site-content-style":"unboxed","site-sidebar-style":"unboxed","ast-global-header-display":"","ast-banner-title-visibility":"","ast-main-header-display":"","ast-hfb-above-header-display":"","ast-hfb-below-header-display":"","ast-hfb-mobile-header-display":"","site-post-title":"disabled","ast-breadcrumbs-content":"disabled","ast-featured-img":"disabled","footer-sml-layout":"","theme-transparent-header-meta":"enabled","adv-header-id-meta":"","stick-header-meta":"default","header-above-stick-meta":"","header-main-stick-meta":"","header-below-stick-meta":"","astra-migrate-meta-layouts":"set","ast-page-background-enabled":"default","ast-page-background-meta":{"desktop":{"background-color":"","background-image":"","background-repeat":"repeat","background-position":"center center","background-size":"auto","background-attachment":"scroll","background-type":"","background-media":"","overlay-type":"","overlay-color":"","overlay-opacity":"","overlay-gradient":""},"tablet":{"background-color":"","background-image":"","background-repeat":"repeat","background-position":"center center","background-size":"auto","background-attachment":"scroll","background-type":"","background-media":"","overlay-type":"","overlay-color":"","overlay-opacity":"","overlay-gradient":""},"mobile":{"background-color":"","background-image":"","background-repeat":"repeat","background-position":"center center","background-size":"auto","background-attachment":"scroll","background-type":"","background-media":"","overlay-type":"","overlay-color":"","overlay-opacity":"","overlay-gradient":""}},"ast-content-background-meta":{"desktop":{"background-color":"var(--ast-global-color-5)","background-image":"","background-repeat":"repeat","background-position":"center center","background-size":"auto","background-attachment":"scroll","background-type":"","background-media":"","overlay-type":"","overlay-color":"","overlay-opacity":"","overlay-gradient":""},"tablet":{"background-color":"var(--ast-global-color-5)","background-image":"","background-repeat":"repeat","background-position":"center center","background-size":"auto","background-attachment":"scroll","background-type":"","background-media":"","overlay-type":"","overlay-color":"","overlay-opacity":"","overlay-gradient":""},"mobile":{"background-color":"var(--ast-global-color-5)","background-image":"","background-repeat":"repeat","background-position":"center center","background-size":"auto","background-attachment":"scroll","background-type":"","background-media":"","overlay-type":"","overlay-color":"","overlay-opacity":"","overlay-gradient":""}},"footnotes":""},"class_list":["post-1939","page","type-page","status-publish","hentry"],"_links":{"self":[{"href":"https:\/\/www.pvcplus.es\/de\/wp-json\/wp\/v2\/pages\/1939","targetHints":{"allow":["GET"]}}],"collection":[{"href":"https:\/\/www.pvcplus.es\/de\/wp-json\/wp\/v2\/pages"}],"about":[{"href":"https:\/\/www.pvcplus.es\/de\/wp-json\/wp\/v2\/types\/page"}],"author":[{"embeddable":true,"href":"https:\/\/www.pvcplus.es\/de\/wp-json\/wp\/v2\/users\/1"}],"replies":[{"embeddable":true,"href":"https:\/\/www.pvcplus.es\/de\/wp-json\/wp\/v2\/comments?post=1939"}],"version-history":[{"count":8,"href":"https:\/\/www.pvcplus.es\/de\/wp-json\/wp\/v2\/pages\/1939\/revisions"}],"predecessor-version":[{"id":2028,"href":"https:\/\/www.pvcplus.es\/de\/wp-json\/wp\/v2\/pages\/1939\/revisions\/2028"}],"wp:attachment":[{"href":"https:\/\/www.pvcplus.es\/de\/wp-json\/wp\/v2\/media?parent=1939"}],"curies":[{"name":"wp","href":"https:\/\/api.w.org\/{rel}","templated":true}]}}