{"id":1925,"date":"2024-09-11T13:15:21","date_gmt":"2024-09-11T11:15:21","guid":{"rendered":"https:\/\/www.pvcplus.es\/cortinas-de-cristal\/"},"modified":"2025-04-25T12:13:14","modified_gmt":"2025-04-25T10:13:14","slug":"glasvorhaenge","status":"publish","type":"page","link":"https:\/\/www.pvcplus.es\/de\/glasvorhaenge\/","title":{"rendered":"Glasvorh\u00e4nge"},"content":{"rendered":"\t\t<div data-elementor-type=\"wp-post\" data-elementor-id=\"1925\" class=\"elementor elementor-1925 elementor-1438\">\n\t\t\t\t<div class=\"elementor-element elementor-element-836c7a7 e-flex e-con-boxed e-con e-parent\" data-id=\"836c7a7\" data-element_type=\"container\" data-e-type=\"container\" data-settings=\"{&quot;background_background&quot;:&quot;classic&quot;}\">\n\t\t\t\t\t<div class=\"e-con-inner\">\n\t\t<div class=\"elementor-element elementor-element-081b662 e-con-full e-flex e-con e-child\" data-id=\"081b662\" data-element_type=\"container\" data-e-type=\"container\">\n\t\t\t\t<div class=\"elementor-element elementor-element-ca31bc8 elementor-widget elementor-widget-heading\" data-id=\"ca31bc8\" data-element_type=\"widget\" data-e-type=\"widget\" data-widget_type=\"heading.default\">\n\t\t\t\t<div class=\"elementor-widget-container\">\n\t\t\t\t\t<h1 class=\"elementor-heading-title elementor-size-default\">Glasvorh\u00e4nge<\/h1>\t\t\t\t<\/div>\n\t\t\t\t<\/div>\n\t\t\t\t<\/div>\n\t\t\t\t\t<\/div>\n\t\t\t\t<\/div>\n\t\t<div class=\"elementor-element elementor-element-bbff81d e-flex e-con-boxed e-con e-parent\" data-id=\"bbff81d\" data-element_type=\"container\" data-e-type=\"container\" data-settings=\"{&quot;background_background&quot;:&quot;classic&quot;}\">\n\t\t\t\t\t<div class=\"e-con-inner\">\n\t\t<div class=\"elementor-element elementor-element-8e7db82 e-con-full e-flex e-con e-child\" data-id=\"8e7db82\" data-element_type=\"container\" data-e-type=\"container\">\n\t\t<div class=\"elementor-element elementor-element-ece5f6a e-con-full e-flex e-con e-child\" data-id=\"ece5f6a\" data-element_type=\"container\" data-e-type=\"container\" data-settings=\"{&quot;background_background&quot;:&quot;classic&quot;}\">\n\t\t<div class=\"elementor-element elementor-element-d9a2a80 e-con-full e-flex e-con e-child\" data-id=\"d9a2a80\" data-element_type=\"container\" data-e-type=\"container\" data-settings=\"{&quot;background_background&quot;:&quot;classic&quot;}\">\n\t\t\t\t<div class=\"elementor-element elementor-element-48bcbef elementor-widget elementor-widget-image\" data-id=\"48bcbef\" data-element_type=\"widget\" data-e-type=\"widget\" data-widget_type=\"image.default\">\n\t\t\t\t<div class=\"elementor-widget-container\">\n\t\t\t\t\t\t\t\t\t\t\t\t\t\t\t<img fetchpriority=\"high\" decoding=\"async\" width=\"1600\" height=\"1200\" src=\"https:\/\/www.pvcplus.es\/wp-content\/uploads\/2024\/08\/Cortinas-de-cristal-para-vistas-panoramicas1.jpg\" class=\"attachment-full size-full wp-image-1229\" alt=\"\" srcset=\"https:\/\/www.pvcplus.es\/wp-content\/uploads\/2024\/08\/Cortinas-de-cristal-para-vistas-panoramicas1.jpg 1600w, https:\/\/www.pvcplus.es\/wp-content\/uploads\/2024\/08\/Cortinas-de-cristal-para-vistas-panoramicas1-300x225.jpg 300w, https:\/\/www.pvcplus.es\/wp-content\/uploads\/2024\/08\/Cortinas-de-cristal-para-vistas-panoramicas1-1024x768.jpg 1024w, https:\/\/www.pvcplus.es\/wp-content\/uploads\/2024\/08\/Cortinas-de-cristal-para-vistas-panoramicas1-768x576.jpg 768w, https:\/\/www.pvcplus.es\/wp-content\/uploads\/2024\/08\/Cortinas-de-cristal-para-vistas-panoramicas1-1536x1152.jpg 1536w\" sizes=\"(max-width: 1600px) 100vw, 1600px\" \/>\t\t\t\t\t\t\t\t\t\t\t\t\t\t\t<\/div>\n\t\t\t\t<\/div>\n\t\t\t\t<\/div>\n\t\t<div class=\"elementor-element elementor-element-d1ca948 e-con-full e-flex e-con e-child\" data-id=\"d1ca948\" data-element_type=\"container\" data-e-type=\"container\">\n\t\t\t\t<div class=\"elementor-element elementor-element-1876390 elementor-widget elementor-widget-uael-infobox\" data-id=\"1876390\" data-element_type=\"widget\" data-e-type=\"widget\" data-widget_type=\"uael-infobox.default\">\n\t\t\t\t<div class=\"elementor-widget-container\">\n\t\t\t\t\t\n<div class=\"uael-module-content uael-infobox uael-imgicon-style-normal  uael-infobox-left  infobox-has-icon uael-infobox-icon-above-title  uael-infobox-link-type-none\">\n\t<div class=\"uael-infobox-left-right-wrap\">\n\t\t\t\t\t\t<div class=\"uael-infobox-content\">\n\t\t\t\t\t\t\t<div class=\"uael-module-content uael-imgicon-wrap \">\t\t\t\t\t\t\t\t\t\t\t\n\t\t\t\t\t\t\t\t\t\t\t\t\t\t<\/div>\n\t\t\t\t\t\t\t<div class='uael-infobox-title-wrap'><\/div>\t\t\t\t\t\t\t\t\t<div class=\"uael-infobox-text-wrap\">\n\t\t\t\t<div class=\"uael-infobox-text elementor-inline-editing\" data-elementor-setting-key=\"infobox_description\" data-elementor-inline-editing-toolbar=\"advanced\">\n\t\t\t\t\t<p>Diese Profilfreien Glasstrukturen erm\u00f6glichen die Schaffung offener und vielseitiger R\u00e4ume, ideal f\u00fcr Terrassen, Balkone oder Innenverglasungen. Hergestellt aus hochfestem Glas bieten Glasvorh\u00e4nge W\u00e4rme- und Schalld\u00e4mmung und sch\u00fctzen dein Zuhause vor den Unbilden des Wetters, ohne die \u00c4sthetik zu opfern.<\/p>\t\t\t\t<\/div>\n\t\t\t\t\t\n\t\t\t\t\t\t\t<\/div>\n\t\t<\/div>\n\t\t\t<\/div>\n<\/div>\n\t\t\t\t<\/div>\n\t\t\t\t<\/div>\n\t\t\t\t<\/div>\n\t\t\t\t<\/div>\n\t\t<div class=\"elementor-element elementor-element-05590d9 e-con-full e-flex e-con e-child\" data-id=\"05590d9\" data-element_type=\"container\" data-e-type=\"container\" data-settings=\"{&quot;background_background&quot;:&quot;classic&quot;}\">\n\t\t<div class=\"elementor-element elementor-element-f8bf83c e-con-full e-flex e-con e-child\" data-id=\"f8bf83c\" data-element_type=\"container\" data-e-type=\"container\">\n\t\t\t\t<div class=\"elementor-element elementor-element-fb3d9a0 elementor-widget elementor-widget-uael-infobox\" data-id=\"fb3d9a0\" data-element_type=\"widget\" data-e-type=\"widget\" data-widget_type=\"uael-infobox.default\">\n\t\t\t\t<div class=\"elementor-widget-container\">\n\t\t\t\t\t\n<div class=\"uael-module-content uael-infobox uael-imgicon-style-normal  uael-infobox-left  infobox-has-icon uael-infobox-icon-above-title  uael-infobox-link-type-none\">\n\t<div class=\"uael-infobox-left-right-wrap\">\n\t\t\t\t\t\t<div class=\"uael-infobox-content\">\n\t\t\t\t\t\t\t<div class=\"uael-module-content uael-imgicon-wrap \">\t\t\t\t\t\t\t\t\t\t\t\n\t\t\t\t\t\t\t\t\t\t\t\t\t\t<\/div>\n\t\t\t\t\t\t\t<div class='uael-infobox-title-wrap'><\/div>\t\t\t\t\t\t\t\t\t<div class=\"uael-infobox-text-wrap\">\n\t\t\t\t<div class=\"uael-infobox-text elementor-inline-editing\" data-elementor-setting-key=\"infobox_description\" data-elementor-inline-editing-toolbar=\"advanced\">\n\t\t\t\t\t<p>Unsere Glasvorh\u00e4nge bieten eine moderne und anspruchsvolle L\u00f6sung, um die Helligkeit und die Aussicht zu maximieren, ohne auf Funktionalit\u00e4t zu verzichten. <span style=\"background-color: var( --e-global-color-astglobalcolor4 );color: var(--ast-global-color-3);font-size: 1rem\">Ihr faltbares oder schiebbares \u00d6ffnungssystem ist einfach zu bedienen, und ihr minimalistisches Design f\u00fcgt sich perfekt in jede Umgebung ein.<\/span><\/p>\t\t\t\t<\/div>\n\t\t\t\t\t\n\t\t\t\t\t\t\t<\/div>\n\t\t<\/div>\n\t\t\t<\/div>\n<\/div>\n\t\t\t\t<\/div>\n\t\t\t\t<\/div>\n\t\t\t\t<\/div>\n\t\t<div class=\"elementor-element elementor-element-3f7df67 e-con-full e-flex e-con e-child\" data-id=\"3f7df67\" data-element_type=\"container\" data-e-type=\"container\" data-settings=\"{&quot;background_background&quot;:&quot;classic&quot;}\">\n\t\t\t\t<div class=\"elementor-element elementor-element-956c22a elementor-widget elementor-widget-image\" data-id=\"956c22a\" data-element_type=\"widget\" data-e-type=\"widget\" data-widget_type=\"image.default\">\n\t\t\t\t<div class=\"elementor-widget-container\">\n\t\t\t\t\t\t\t\t\t\t\t\t\t\t\t<img decoding=\"async\" width=\"1600\" height=\"1200\" src=\"https:\/\/www.pvcplus.es\/wp-content\/uploads\/2024\/08\/Cortinas-de-cristal-para-vistas-panoramicas.jpg\" class=\"attachment-full size-full wp-image-1228\" alt=\"\" srcset=\"https:\/\/www.pvcplus.es\/wp-content\/uploads\/2024\/08\/Cortinas-de-cristal-para-vistas-panoramicas.jpg 1600w, https:\/\/www.pvcplus.es\/wp-content\/uploads\/2024\/08\/Cortinas-de-cristal-para-vistas-panoramicas-300x225.jpg 300w, https:\/\/www.pvcplus.es\/wp-content\/uploads\/2024\/08\/Cortinas-de-cristal-para-vistas-panoramicas-1024x768.jpg 1024w, https:\/\/www.pvcplus.es\/wp-content\/uploads\/2024\/08\/Cortinas-de-cristal-para-vistas-panoramicas-768x576.jpg 768w, https:\/\/www.pvcplus.es\/wp-content\/uploads\/2024\/08\/Cortinas-de-cristal-para-vistas-panoramicas-1536x1152.jpg 1536w\" sizes=\"(max-width: 1600px) 100vw, 1600px\" \/>\t\t\t\t\t\t\t\t\t\t\t\t\t\t\t<\/div>\n\t\t\t\t<\/div>\n\t\t\t\t<\/div>\n\t\t\t\t<\/div>\n\t\t\t\t<\/div>\n\t\t\t\t\t<\/div>\n\t\t\t\t<\/div>\n\t\t<div class=\"elementor-element elementor-element-6a272e7 e-flex e-con-boxed e-con e-parent\" data-id=\"6a272e7\" data-element_type=\"container\" data-e-type=\"container\">\n\t\t\t\t\t<div class=\"e-con-inner\">\n\t\t\t\t<div class=\"elementor-element elementor-element-ae8e772 elementor-widget elementor-widget-heading\" data-id=\"ae8e772\" data-element_type=\"widget\" data-e-type=\"widget\" data-widget_type=\"heading.default\">\n\t\t\t\t<div class=\"elementor-widget-container\">\n\t\t\t\t\t<h3 class=\"elementor-heading-title elementor-size-default\">Einige unserer Arbeiten<\/h3>\t\t\t\t<\/div>\n\t\t\t\t<\/div>\n\t\t\t\t<div class=\"elementor-element elementor-element-defef23 gallery-spacing-custom elementor-widget elementor-widget-image-gallery\" data-id=\"defef23\" data-element_type=\"widget\" data-e-type=\"widget\" data-widget_type=\"image-gallery.default\">\n\t\t\t\t<div class=\"elementor-widget-container\">\n\t\t\t\t\t\t\t<div class=\"elementor-image-gallery\">\n\t\t\t<div id='gallery-1' class='gallery galleryid-1925 gallery-columns-3 gallery-size-full'><figure class='gallery-item'>\n\t\t\t<div class='gallery-icon landscape'>\n\t\t\t\t<a data-elementor-open-lightbox=\"yes\" data-elementor-lightbox-slideshow=\"defef23\" data-e-action-hash=\"#elementor-action%3Aaction%3Dlightbox%26settings%3DeyJpZCI6MjA3MSwidXJsIjoiaHR0cHM6XC9cL3d3dy5wdmNwbHVzLmVzXC93cC1jb250ZW50XC91cGxvYWRzXC8yMDI1XC8wNFwvQ09SVElOQVMtQ1JJU1RBTC00LmpwZyIsInNsaWRlc2hvdyI6ImRlZmVmMjMifQ%3D%3D\" href='https:\/\/www.pvcplus.es\/wp-content\/uploads\/2025\/04\/CORTINAS-CRISTAL-4.jpg'><img decoding=\"async\" width=\"1024\" height=\"768\" src=\"https:\/\/www.pvcplus.es\/wp-content\/uploads\/2025\/04\/CORTINAS-CRISTAL-4.jpg\" class=\"attachment-full size-full\" alt=\"\" srcset=\"https:\/\/www.pvcplus.es\/wp-content\/uploads\/2025\/04\/CORTINAS-CRISTAL-4.jpg 1024w, https:\/\/www.pvcplus.es\/wp-content\/uploads\/2025\/04\/CORTINAS-CRISTAL-4-300x225.jpg 300w, https:\/\/www.pvcplus.es\/wp-content\/uploads\/2025\/04\/CORTINAS-CRISTAL-4-768x576.jpg 768w\" sizes=\"(max-width: 1024px) 100vw, 1024px\" \/><\/a>\n\t\t\t<\/div><\/figure><figure class='gallery-item'>\n\t\t\t<div class='gallery-icon landscape'>\n\t\t\t\t<a data-elementor-open-lightbox=\"yes\" data-elementor-lightbox-slideshow=\"defef23\" data-e-action-hash=\"#elementor-action%3Aaction%3Dlightbox%26settings%3DeyJpZCI6MjA4NCwidXJsIjoiaHR0cHM6XC9cL3d3dy5wdmNwbHVzLmVzXC93cC1jb250ZW50XC91cGxvYWRzXC8yMDI1XC8wNFwvQ09SVElOQVMtQ1JJU1RBTC05LmpwZyIsInNsaWRlc2hvdyI6ImRlZmVmMjMifQ%3D%3D\" href='https:\/\/www.pvcplus.es\/wp-content\/uploads\/2025\/04\/CORTINAS-CRISTAL-9.jpg'><img loading=\"lazy\" decoding=\"async\" width=\"1024\" height=\"768\" src=\"https:\/\/www.pvcplus.es\/wp-content\/uploads\/2025\/04\/CORTINAS-CRISTAL-9.jpg\" class=\"attachment-full size-full\" alt=\"\" srcset=\"https:\/\/www.pvcplus.es\/wp-content\/uploads\/2025\/04\/CORTINAS-CRISTAL-9.jpg 1024w, https:\/\/www.pvcplus.es\/wp-content\/uploads\/2025\/04\/CORTINAS-CRISTAL-9-300x225.jpg 300w, https:\/\/www.pvcplus.es\/wp-content\/uploads\/2025\/04\/CORTINAS-CRISTAL-9-768x576.jpg 768w\" sizes=\"(max-width: 1024px) 100vw, 1024px\" \/><\/a>\n\t\t\t<\/div><\/figure><figure class='gallery-item'>\n\t\t\t<div class='gallery-icon landscape'>\n\t\t\t\t<a data-elementor-open-lightbox=\"yes\" data-elementor-lightbox-slideshow=\"defef23\" data-e-action-hash=\"#elementor-action%3Aaction%3Dlightbox%26settings%3DeyJpZCI6MjA2OCwidXJsIjoiaHR0cHM6XC9cL3d3dy5wdmNwbHVzLmVzXC93cC1jb250ZW50XC91cGxvYWRzXC8yMDI1XC8wNFwvQ09SVElOQVMtQ1JJU1RBTC0xLmpwZyIsInNsaWRlc2hvdyI6ImRlZmVmMjMifQ%3D%3D\" href='https:\/\/www.pvcplus.es\/wp-content\/uploads\/2025\/04\/CORTINAS-CRISTAL-1.jpg'><img loading=\"lazy\" decoding=\"async\" width=\"1024\" height=\"768\" src=\"https:\/\/www.pvcplus.es\/wp-content\/uploads\/2025\/04\/CORTINAS-CRISTAL-1.jpg\" class=\"attachment-full size-full\" alt=\"\" srcset=\"https:\/\/www.pvcplus.es\/wp-content\/uploads\/2025\/04\/CORTINAS-CRISTAL-1.jpg 1024w, https:\/\/www.pvcplus.es\/wp-content\/uploads\/2025\/04\/CORTINAS-CRISTAL-1-300x225.jpg 300w, https:\/\/www.pvcplus.es\/wp-content\/uploads\/2025\/04\/CORTINAS-CRISTAL-1-768x576.jpg 768w\" sizes=\"(max-width: 1024px) 100vw, 1024px\" \/><\/a>\n\t\t\t<\/div><\/figure><figure class='gallery-item'>\n\t\t\t<div class='gallery-icon portrait'>\n\t\t\t\t<a data-elementor-open-lightbox=\"yes\" data-elementor-lightbox-slideshow=\"defef23\" data-e-action-hash=\"#elementor-action%3Aaction%3Dlightbox%26settings%3DeyJpZCI6MjA3NywidXJsIjoiaHR0cHM6XC9cL3d3dy5wdmNwbHVzLmVzXC93cC1jb250ZW50XC91cGxvYWRzXC8yMDI1XC8wNFwvQ09SVElOQVMtQ1JJU1RBTC0xMi5qcGciLCJzbGlkZXNob3ciOiJkZWZlZjIzIn0%3D\" href='https:\/\/www.pvcplus.es\/wp-content\/uploads\/2025\/04\/CORTINAS-CRISTAL-12.jpg'><img loading=\"lazy\" decoding=\"async\" width=\"1200\" height=\"1600\" src=\"https:\/\/www.pvcplus.es\/wp-content\/uploads\/2025\/04\/CORTINAS-CRISTAL-12.jpg\" class=\"attachment-full size-full\" alt=\"\" srcset=\"https:\/\/www.pvcplus.es\/wp-content\/uploads\/2025\/04\/CORTINAS-CRISTAL-12.jpg 1200w, https:\/\/www.pvcplus.es\/wp-content\/uploads\/2025\/04\/CORTINAS-CRISTAL-12-225x300.jpg 225w, https:\/\/www.pvcplus.es\/wp-content\/uploads\/2025\/04\/CORTINAS-CRISTAL-12-768x1024.jpg 768w, https:\/\/www.pvcplus.es\/wp-content\/uploads\/2025\/04\/CORTINAS-CRISTAL-12-1152x1536.jpg 1152w\" sizes=\"(max-width: 1200px) 100vw, 1200px\" \/><\/a>\n\t\t\t<\/div><\/figure><figure class='gallery-item'>\n\t\t\t<div class='gallery-icon portrait'>\n\t\t\t\t<a data-elementor-open-lightbox=\"yes\" data-elementor-lightbox-slideshow=\"defef23\" data-e-action-hash=\"#elementor-action%3Aaction%3Dlightbox%26settings%3DeyJpZCI6MjA3NCwidXJsIjoiaHR0cHM6XC9cL3d3dy5wdmNwbHVzLmVzXC93cC1jb250ZW50XC91cGxvYWRzXC8yMDI1XC8wNFwvQ09SVElOQVMtQ1JJU1RBTC01LmpwZyIsInNsaWRlc2hvdyI6ImRlZmVmMjMifQ%3D%3D\" href='https:\/\/www.pvcplus.es\/wp-content\/uploads\/2025\/04\/CORTINAS-CRISTAL-5.jpg'><img loading=\"lazy\" decoding=\"async\" width=\"1200\" height=\"1600\" src=\"https:\/\/www.pvcplus.es\/wp-content\/uploads\/2025\/04\/CORTINAS-CRISTAL-5.jpg\" class=\"attachment-full size-full\" alt=\"\" srcset=\"https:\/\/www.pvcplus.es\/wp-content\/uploads\/2025\/04\/CORTINAS-CRISTAL-5.jpg 1200w, https:\/\/www.pvcplus.es\/wp-content\/uploads\/2025\/04\/CORTINAS-CRISTAL-5-225x300.jpg 225w, https:\/\/www.pvcplus.es\/wp-content\/uploads\/2025\/04\/CORTINAS-CRISTAL-5-768x1024.jpg 768w, https:\/\/www.pvcplus.es\/wp-content\/uploads\/2025\/04\/CORTINAS-CRISTAL-5-1152x1536.jpg 1152w\" sizes=\"(max-width: 1200px) 100vw, 1200px\" \/><\/a>\n\t\t\t<\/div><\/figure><figure class='gallery-item'>\n\t\t\t<div class='gallery-icon portrait'>\n\t\t\t\t<a data-elementor-open-lightbox=\"yes\" data-elementor-lightbox-slideshow=\"defef23\" data-e-action-hash=\"#elementor-action%3Aaction%3Dlightbox%26settings%3DeyJpZCI6MjA4MCwidXJsIjoiaHR0cHM6XC9cL3d3dy5wdmNwbHVzLmVzXC93cC1jb250ZW50XC91cGxvYWRzXC8yMDI1XC8wNFwvQ09SVElOQVMtQ1JJU1RBTC0xNC5qcGciLCJzbGlkZXNob3ciOiJkZWZlZjIzIn0%3D\" href='https:\/\/www.pvcplus.es\/wp-content\/uploads\/2025\/04\/CORTINAS-CRISTAL-14.jpg'><img loading=\"lazy\" decoding=\"async\" width=\"1200\" height=\"1600\" src=\"https:\/\/www.pvcplus.es\/wp-content\/uploads\/2025\/04\/CORTINAS-CRISTAL-14.jpg\" class=\"attachment-full size-full\" alt=\"\" srcset=\"https:\/\/www.pvcplus.es\/wp-content\/uploads\/2025\/04\/CORTINAS-CRISTAL-14.jpg 1200w, https:\/\/www.pvcplus.es\/wp-content\/uploads\/2025\/04\/CORTINAS-CRISTAL-14-225x300.jpg 225w, https:\/\/www.pvcplus.es\/wp-content\/uploads\/2025\/04\/CORTINAS-CRISTAL-14-768x1024.jpg 768w, https:\/\/www.pvcplus.es\/wp-content\/uploads\/2025\/04\/CORTINAS-CRISTAL-14-1152x1536.jpg 1152w\" sizes=\"(max-width: 1200px) 100vw, 1200px\" \/><\/a>\n\t\t\t<\/div><\/figure>\n\t\t<\/div>\n\t\t<\/div>\n\t\t\t\t\t\t<\/div>\n\t\t\t\t<\/div>\n\t\t\t\t\t<\/div>\n\t\t\t\t<\/div>\n\t\t\t\t<\/div>\n\t\t","protected":false},"excerpt":{"rendered":"<p>Glasvorh\u00e4nge Diese Profilfreien Glasstrukturen erm\u00f6glichen die Schaffung offener und vielseitiger R\u00e4ume, ideal f\u00fcr Terrassen, Balkone oder Innenverglasungen. Hergestellt aus hochfestem Glas bieten Glasvorh\u00e4nge W\u00e4rme- und Schalld\u00e4mmung und sch\u00fctzen dein Zuhause vor den Unbilden des Wetters, ohne die \u00c4sthetik zu opfern. Unsere Glasvorh\u00e4nge bieten eine moderne und anspruchsvolle L\u00f6sung, um die Helligkeit und die Aussicht zu [&hellip;]<\/p>\n","protected":false},"author":1,"featured_media":0,"parent":0,"menu_order":0,"comment_status":"closed","ping_status":"closed","template":"","meta":{"site-sidebar-layout":"no-sidebar","site-content-layout":"page-builder","ast-site-content-layout":"full-width-container","site-content-style":"unboxed","site-sidebar-style":"unboxed","ast-global-header-display":"","ast-banner-title-visibility":"","ast-main-header-display":"","ast-hfb-above-header-display":"","ast-hfb-below-header-display":"","ast-hfb-mobile-header-display":"","site-post-title":"disabled","ast-breadcrumbs-content":"disabled","ast-featured-img":"disabled","footer-sml-layout":"","theme-transparent-header-meta":"enabled","adv-header-id-meta":"","stick-header-meta":"default","header-above-stick-meta":"","header-main-stick-meta":"","header-below-stick-meta":"","astra-migrate-meta-layouts":"set","ast-page-background-enabled":"default","ast-page-background-meta":{"desktop":{"background-color":"","background-image":"","background-repeat":"repeat","background-position":"center center","background-size":"auto","background-attachment":"scroll","background-type":"","background-media":"","overlay-type":"","overlay-color":"","overlay-opacity":"","overlay-gradient":""},"tablet":{"background-color":"","background-image":"","background-repeat":"repeat","background-position":"center center","background-size":"auto","background-attachment":"scroll","background-type":"","background-media":"","overlay-type":"","overlay-color":"","overlay-opacity":"","overlay-gradient":""},"mobile":{"background-color":"","background-image":"","background-repeat":"repeat","background-position":"center center","background-size":"auto","background-attachment":"scroll","background-type":"","background-media":"","overlay-type":"","overlay-color":"","overlay-opacity":"","overlay-gradient":""}},"ast-content-background-meta":{"desktop":{"background-color":"var(--ast-global-color-5)","background-image":"","background-repeat":"repeat","background-position":"center center","background-size":"auto","background-attachment":"scroll","background-type":"","background-media":"","overlay-type":"","overlay-color":"","overlay-opacity":"","overlay-gradient":""},"tablet":{"background-color":"var(--ast-global-color-5)","background-image":"","background-repeat":"repeat","background-position":"center center","background-size":"auto","background-attachment":"scroll","background-type":"","background-media":"","overlay-type":"","overlay-color":"","overlay-opacity":"","overlay-gradient":""},"mobile":{"background-color":"var(--ast-global-color-5)","background-image":"","background-repeat":"repeat","background-position":"center center","background-size":"auto","background-attachment":"scroll","background-type":"","background-media":"","overlay-type":"","overlay-color":"","overlay-opacity":"","overlay-gradient":""}},"footnotes":""},"class_list":["post-1925","page","type-page","status-publish","hentry"],"_links":{"self":[{"href":"https:\/\/www.pvcplus.es\/de\/wp-json\/wp\/v2\/pages\/1925","targetHints":{"allow":["GET"]}}],"collection":[{"href":"https:\/\/www.pvcplus.es\/de\/wp-json\/wp\/v2\/pages"}],"about":[{"href":"https:\/\/www.pvcplus.es\/de\/wp-json\/wp\/v2\/types\/page"}],"author":[{"embeddable":true,"href":"https:\/\/www.pvcplus.es\/de\/wp-json\/wp\/v2\/users\/1"}],"replies":[{"embeddable":true,"href":"https:\/\/www.pvcplus.es\/de\/wp-json\/wp\/v2\/comments?post=1925"}],"version-history":[{"count":8,"href":"https:\/\/www.pvcplus.es\/de\/wp-json\/wp\/v2\/pages\/1925\/revisions"}],"predecessor-version":[{"id":2093,"href":"https:\/\/www.pvcplus.es\/de\/wp-json\/wp\/v2\/pages\/1925\/revisions\/2093"}],"wp:attachment":[{"href":"https:\/\/www.pvcplus.es\/de\/wp-json\/wp\/v2\/media?parent=1925"}],"curies":[{"name":"wp","href":"https:\/\/api.w.org\/{rel}","templated":true}]}}