{"id":1847,"date":"2024-08-06T17:45:11","date_gmt":"2024-08-06T15:45:11","guid":{"rendered":"https:\/\/www.pvcplus.es\/la-empresa\/"},"modified":"2025-04-25T12:19:16","modified_gmt":"2025-04-25T10:19:16","slug":"das-unternehmenwe","status":"publish","type":"page","link":"https:\/\/www.pvcplus.es\/de\/das-unternehmenwe\/","title":{"rendered":"Das Unternehmenwe"},"content":{"rendered":"\t\t<div data-elementor-type=\"wp-post\" data-elementor-id=\"1847\" class=\"elementor elementor-1847 elementor-7\">\n\t\t\t\t<div class=\"elementor-element elementor-element-5703b09 e-flex e-con-boxed e-con e-parent\" data-id=\"5703b09\" data-element_type=\"container\" data-e-type=\"container\" data-settings=\"{&quot;background_background&quot;:&quot;classic&quot;}\">\n\t\t\t\t\t<div class=\"e-con-inner\">\n\t\t<div class=\"elementor-element elementor-element-8ac6132 e-con-full e-flex e-con e-child\" data-id=\"8ac6132\" data-element_type=\"container\" data-e-type=\"container\">\n\t\t\t\t<div class=\"elementor-element elementor-element-5f5d830 elementor-widget elementor-widget-heading\" data-id=\"5f5d830\" data-element_type=\"widget\" data-e-type=\"widget\" data-widget_type=\"heading.default\">\n\t\t\t\t<div class=\"elementor-widget-container\">\n\t\t\t\t\t<h1 class=\"elementor-heading-title elementor-size-default\">Das Unternehmenwe<\/h1>\t\t\t\t<\/div>\n\t\t\t\t<\/div>\n\t\t\t\t<\/div>\n\t\t\t\t\t<\/div>\n\t\t\t\t<\/div>\n\t\t<div class=\"elementor-element elementor-element-eec6613 e-flex e-con-boxed e-con e-parent\" data-id=\"eec6613\" data-element_type=\"container\" data-e-type=\"container\" data-settings=\"{&quot;background_background&quot;:&quot;classic&quot;}\">\n\t\t\t\t\t<div class=\"e-con-inner\">\n\t\t<div class=\"elementor-element elementor-element-b6b5524 e-con-full e-flex e-con e-child\" data-id=\"b6b5524\" data-element_type=\"container\" data-e-type=\"container\">\n\t\t\t\t<div class=\"elementor-element elementor-element-cf3d992 elementor-widget elementor-widget-heading\" data-id=\"cf3d992\" data-element_type=\"widget\" data-e-type=\"widget\" data-widget_type=\"heading.default\">\n\t\t\t\t<div class=\"elementor-widget-container\">\n\t\t\t\t\t<h2 class=\"elementor-heading-title elementor-size-default\">Wer wir sind<\/h2>\t\t\t\t<\/div>\n\t\t\t\t<\/div>\n\t\t<div class=\"elementor-element elementor-element-e260193 e-con-full e-flex e-con e-child\" data-id=\"e260193\" data-element_type=\"container\" data-e-type=\"container\">\n\t\t<div class=\"elementor-element elementor-element-6c2b5e8 e-con-full e-flex e-con e-child\" data-id=\"6c2b5e8\" data-element_type=\"container\" data-e-type=\"container\">\n\t\t\t\t<div class=\"elementor-element elementor-element-0456af1 elementor-widget elementor-widget-uael-infobox\" data-id=\"0456af1\" data-element_type=\"widget\" data-e-type=\"widget\" data-widget_type=\"uael-infobox.default\">\n\t\t\t\t<div class=\"elementor-widget-container\">\n\t\t\t\t\t\n<div class=\"uael-module-content uael-infobox  uael-infobox-left  uael-infobox-link-type-none\">\n\t<div class=\"uael-infobox-left-right-wrap\">\n\t\t\t\t\t\t<div class=\"uael-infobox-content\">\n\t\t\t\t\t\t<div class='uael-infobox-title-wrap'><h5 class=\"uael-infobox-title elementor-inline-editing\" data-elementor-setting-key=\"infobox_title\" data-elementor-inline-editing-toolbar=\"basic\" >Mehr als 20 Jahre Erfahrung<\/h5><\/div>\t\t\t\t\t\t\t\t\t<div class=\"uael-infobox-text-wrap\">\n\t\t\t\t<div class=\"uael-infobox-text elementor-inline-editing\" data-elementor-setting-key=\"infobox_description\" data-elementor-inline-editing-toolbar=\"advanced\">\n\t\t\t\t\t<p>Mit mehr als 20 Jahren Erfahrung im Bereich PVC- und Aluminiumtischlerei. Im Laufe dieser zwei Jahrzehnte haben wir unerm\u00fcdlich daran gearbeitet, hochwertige L\u00f6sungen sowohl f\u00fcr Wohn- als auch f\u00fcr Gewerbeprojekte anzubieten und uns durch unser Engagement f\u00fcr Exzellenz und Kundenzufriedenheit ausgezeichnet.<\/p>\t\t\t\t<\/div>\n\t\t\t\t\t\n\t\t\t\t\t\t\t<\/div>\n\t\t<\/div>\n\t\t\t<\/div>\n<\/div>\n\t\t\t\t<\/div>\n\t\t\t\t<\/div>\n\t\t\t\t<div class=\"elementor-element elementor-element-a0a75d9 elementor-widget elementor-widget-text-editor\" data-id=\"a0a75d9\" data-element_type=\"widget\" data-e-type=\"widget\" data-widget_type=\"text-editor.default\">\n\t\t\t\t<div class=\"elementor-widget-container\">\n\t\t\t\t\t\t\t\t\t<p>Im Laufe der Jahre haben wir unsere Dienstleistungen diversifiziert und erweitert, um ein breites Spektrum an Bed\u00fcrfnissen im Bereich der PVC- und Aluminiumtischlerei abzudecken.<\/p>\t\t\t\t\t\t\t\t<\/div>\n\t\t\t\t<\/div>\n\t\t\t\t<\/div>\n\t\t<div class=\"elementor-element elementor-element-6a27c99 e-con-full e-flex e-con e-child\" data-id=\"6a27c99\" data-element_type=\"container\" data-e-type=\"container\">\n\t\t\t\t<div class=\"elementor-element elementor-element-9d1eeca elementor-widget elementor-widget-uael-infobox\" data-id=\"9d1eeca\" data-element_type=\"widget\" data-e-type=\"widget\" data-widget_type=\"uael-infobox.default\">\n\t\t\t\t<div class=\"elementor-widget-container\">\n\t\t\t\t\t\n<div class=\"uael-module-content uael-infobox  uael-infobox-left  uael-infobox-link-type-none\">\n\t<div class=\"uael-infobox-left-right-wrap\">\n\t\t\t\t\t\t<div class=\"uael-infobox-content\">\n\t\t\t\t\t\t<div class='uael-infobox-title-wrap'><h5 class=\"uael-infobox-title elementor-inline-editing\" data-elementor-setting-key=\"infobox_title\" data-elementor-inline-editing-toolbar=\"basic\" >Professioneller Service<\/h5><\/div>\t\t\t\t\t\t\t\t\t<div class=\"uael-infobox-text-wrap\">\n\t\t\t\t<div class=\"uael-infobox-text elementor-inline-editing\" data-elementor-setting-key=\"infobox_description\" data-elementor-inline-editing-toolbar=\"advanced\">\n\t\t\t\t\t<p>Bei PVC PLUS+ haben wir ein klares Ziel: die Erwartungen unserer Kunden zu \u00fcbertreffen. Vom ersten Kontakt bis zur Fertigstellung des Projekts arbeiten wir eng mit dir zusammen und stellen sicher, dass jedes Detail mit deinen Bed\u00fcrfnissen und deiner Vision \u00fcbereinstimmt. Unser Team besteht aus hochqualifizierten Fachleuten, die jahrelange Erfahrung in der Branche und einen praxisorientierten Ansatz mitbringen.<\/p>\t\t\t\t<\/div>\n\t\t\t\t\t\n\t\t\t\t\t\t\t<\/div>\n\t\t<\/div>\n\t\t\t<\/div>\n<\/div>\n\t\t\t\t<\/div>\n\t\t\t\t<\/div>\n\t\t\t\t<div class=\"elementor-element elementor-element-0ef395f elementor-widget elementor-widget-text-editor\" data-id=\"0ef395f\" data-element_type=\"widget\" data-e-type=\"widget\" data-widget_type=\"text-editor.default\">\n\t\t\t\t<div class=\"elementor-widget-container\">\n\t\t\t\t\t\t\t\t\t<strong>Individuelle Beratung:<\/strong> Wir beraten dich in verschiedenen Sprachen \u2013 Spanisch, Englisch, Deutsch, Franz\u00f6sisch und Schweizerdeutsch. Wir bieten ma\u00dfgeschneiderte L\u00f6sungen, die auf die spezifischen Anforderungen jedes Projekts abgestimmt sind, ob gro\u00df oder klein.\t\t\t\t\t\t\t\t<\/div>\n\t\t\t\t<\/div>\n\t\t\t\t<\/div>\n\t\t\t\t<\/div>\n\t\t\t\t<\/div>\n\t\t\t\t\t<\/div>\n\t\t\t\t<\/div>\n\t\t<div class=\"elementor-element elementor-element-bde3336 e-con-full e-flex e-con e-parent\" data-id=\"bde3336\" data-element_type=\"container\" data-e-type=\"container\" data-settings=\"{&quot;background_background&quot;:&quot;classic&quot;}\">\n\t\t<div class=\"elementor-element elementor-element-88f2b2d e-con-full e-flex e-con e-child\" data-id=\"88f2b2d\" data-element_type=\"container\" data-e-type=\"container\" data-settings=\"{&quot;background_background&quot;:&quot;classic&quot;}\">\n\t\t<div class=\"elementor-element elementor-element-56168c5 e-grid e-con-full e-con e-child\" data-id=\"56168c5\" data-element_type=\"container\" data-e-type=\"container\">\n\t\t\t\t<div class=\"elementor-element elementor-element-f7de127 elementor-widget elementor-widget-spacer\" data-id=\"f7de127\" data-element_type=\"widget\" data-e-type=\"widget\" data-widget_type=\"spacer.default\">\n\t\t\t\t<div class=\"elementor-widget-container\">\n\t\t\t\t\t\t\t<div class=\"elementor-spacer\">\n\t\t\t<div class=\"elementor-spacer-inner\"><\/div>\n\t\t<\/div>\n\t\t\t\t\t\t<\/div>\n\t\t\t\t<\/div>\n\t\t\t\t<div class=\"elementor-element elementor-element-ace0a94 elementor-widget elementor-widget-image\" data-id=\"ace0a94\" data-element_type=\"widget\" data-e-type=\"widget\" data-widget_type=\"image.default\">\n\t\t\t\t<div class=\"elementor-widget-container\">\n\t\t\t\t\t\t\t\t\t\t\t\t\t\t\t<img fetchpriority=\"high\" decoding=\"async\" width=\"410\" height=\"365\" src=\"https:\/\/www.pvcplus.es\/wp-content\/uploads\/2024\/09\/logo-komerling.png\" class=\"attachment-full size-full wp-image-1855\" alt=\"\" srcset=\"https:\/\/www.pvcplus.es\/wp-content\/uploads\/2024\/09\/logo-komerling.png 410w, https:\/\/www.pvcplus.es\/wp-content\/uploads\/2024\/09\/logo-komerling-300x267.png 300w\" sizes=\"(max-width: 410px) 100vw, 410px\" \/>\t\t\t\t\t\t\t\t\t\t\t\t\t\t\t<\/div>\n\t\t\t\t<\/div>\n\t\t\t\t<div class=\"elementor-element elementor-element-fb8db3a elementor-widget elementor-widget-spacer\" data-id=\"fb8db3a\" data-element_type=\"widget\" data-e-type=\"widget\" data-widget_type=\"spacer.default\">\n\t\t\t\t<div class=\"elementor-widget-container\">\n\t\t\t\t\t\t\t<div class=\"elementor-spacer\">\n\t\t\t<div class=\"elementor-spacer-inner\"><\/div>\n\t\t<\/div>\n\t\t\t\t\t\t<\/div>\n\t\t\t\t<\/div>\n\t\t\t\t<div class=\"elementor-element elementor-element-4e6fdc6 elementor-widget elementor-widget-image\" data-id=\"4e6fdc6\" data-element_type=\"widget\" data-e-type=\"widget\" data-widget_type=\"image.default\">\n\t\t\t\t<div class=\"elementor-widget-container\">\n\t\t\t\t\t\t\t\t\t\t\t\t\t\t\t<img decoding=\"async\" width=\"410\" height=\"365\" src=\"https:\/\/www.pvcplus.es\/wp-content\/uploads\/2024\/09\/de6178d8fd-deceuninck-logo-deceuninck-profiles-gablecraft.png\" class=\"attachment-large size-large wp-image-1853\" alt=\"\" srcset=\"https:\/\/www.pvcplus.es\/wp-content\/uploads\/2024\/09\/de6178d8fd-deceuninck-logo-deceuninck-profiles-gablecraft.png 410w, https:\/\/www.pvcplus.es\/wp-content\/uploads\/2024\/09\/de6178d8fd-deceuninck-logo-deceuninck-profiles-gablecraft-300x267.png 300w\" sizes=\"(max-width: 410px) 100vw, 410px\" \/>\t\t\t\t\t\t\t\t\t\t\t\t\t\t\t<\/div>\n\t\t\t\t<\/div>\n\t\t\t\t<div class=\"elementor-element elementor-element-1fa7247 elementor-widget elementor-widget-spacer\" data-id=\"1fa7247\" data-element_type=\"widget\" data-e-type=\"widget\" data-widget_type=\"spacer.default\">\n\t\t\t\t<div class=\"elementor-widget-container\">\n\t\t\t\t\t\t\t<div class=\"elementor-spacer\">\n\t\t\t<div class=\"elementor-spacer-inner\"><\/div>\n\t\t<\/div>\n\t\t\t\t\t\t<\/div>\n\t\t\t\t<\/div>\n\t\t\t\t<\/div>\n\t\t\t\t<\/div>\n\t\t\t\t<\/div>\n\t\t<div class=\"elementor-element elementor-element-e4d07cd e-flex e-con-boxed e-con e-parent\" data-id=\"e4d07cd\" data-element_type=\"container\" data-e-type=\"container\">\n\t\t\t\t\t<div class=\"e-con-inner\">\n\t\t<div class=\"elementor-element elementor-element-648a534 e-con-full e-flex e-con e-child\" data-id=\"648a534\" data-element_type=\"container\" data-e-type=\"container\">\n\t\t<div class=\"elementor-element elementor-element-57ec29a e-flex e-con-boxed e-con e-child\" data-id=\"57ec29a\" data-element_type=\"container\" data-e-type=\"container\">\n\t\t\t\t\t<div class=\"e-con-inner\">\n\t\t<div class=\"elementor-element elementor-element-ded127d e-con-full e-flex e-con e-child\" data-id=\"ded127d\" data-element_type=\"container\" data-e-type=\"container\">\n\t\t\t\t<div class=\"elementor-element elementor-element-76585bf elementor-widget elementor-widget-heading\" data-id=\"76585bf\" data-element_type=\"widget\" data-e-type=\"widget\" data-widget_type=\"heading.default\">\n\t\t\t\t<div class=\"elementor-widget-container\">\n\t\t\t\t\t<h2 class=\"elementor-heading-title elementor-size-default\">Unsere Vision &amp; Mission<\/h2>\t\t\t\t<\/div>\n\t\t\t\t<\/div>\n\t\t\t\t<div class=\"elementor-element elementor-element-6037299 elementor-widget elementor-widget-text-editor\" data-id=\"6037299\" data-element_type=\"widget\" data-e-type=\"widget\" data-widget_type=\"text-editor.default\">\n\t\t\t\t<div class=\"elementor-widget-container\">\n\t\t\t\t\t\t\t\t\tBei <strong>PVC PLUS+<\/strong> ist unsere Philosophie einfach, aber stark: kompromisslose Qualit\u00e4t bieten.\t\t\t\t\t\t\t\t<\/div>\n\t\t\t\t<\/div>\n\t\t\t\t<\/div>\n\t\t\t\t\t<\/div>\n\t\t\t\t<\/div>\n\t\t<div class=\"elementor-element elementor-element-48939cb e-con-full e-flex e-con e-child\" data-id=\"48939cb\" data-element_type=\"container\" data-e-type=\"container\">\n\t\t<div class=\"elementor-element elementor-element-c322edd e-con-full e-flex e-con e-child\" data-id=\"c322edd\" data-element_type=\"container\" data-e-type=\"container\">\n\t\t\t\t<div class=\"elementor-element elementor-element-e066e0d elementor-widget elementor-widget-uael-infobox\" data-id=\"e066e0d\" data-element_type=\"widget\" data-e-type=\"widget\" data-widget_type=\"uael-infobox.default\">\n\t\t\t\t<div class=\"elementor-widget-container\">\n\t\t\t\t\t\n<div class=\"uael-module-content uael-infobox  uael-infobox-left  uael-infobox-link-type-none\">\n\t<div class=\"uael-infobox-left-right-wrap\">\n\t\t\t\t\t\t<div class=\"uael-infobox-content\">\n\t\t\t\t\t\t<div class='uael-infobox-title-wrap'><h4 class=\"uael-infobox-title elementor-inline-editing\" data-elementor-setting-key=\"infobox_title\" data-elementor-inline-editing-toolbar=\"basic\" >Vision<\/h4><\/div>\t\t\t\t\t\t\t\t\t<div class=\"uael-infobox-text-wrap\">\n\t\t\t\t<div class=\"uael-infobox-text elementor-inline-editing\" data-elementor-setting-key=\"infobox_description\" data-elementor-inline-editing-toolbar=\"advanced\">\n\t\t\t\t\tBei PVC PLUS+ ist es unsere Mission, L\u00f6sungen im Bereich PVC- und Aluminiumtischlerei anzubieten, die Qualit\u00e4t, Langlebigkeit und innovatives Design vereinen. Wir setzen uns daf\u00fcr ein, die Energieeffizienz und \u00c4sthetik der H\u00e4user und Unternehmen unserer Kunden zu verbessern, indem wir hochwertige Materialien und fortschrittliche Techniken verwenden. Wir arbeiten mit Hingabe und Professionalit\u00e4t, um die Erwartungen jedes Projekts zu erf\u00fcllen und garantieren stets einen ma\u00dfgeschneiderten Service, der auf die vollst\u00e4ndige Zufriedenheit des Kunden ausgerichtet ist.\t\t\t\t<\/div>\n\t\t\t\t\t\n\t\t\t\t\t\t\t<\/div>\n\t\t<\/div>\n\t\t\t<\/div>\n<\/div>\n\t\t\t\t<\/div>\n\t\t\t\t<\/div>\n\t\t\t\t<\/div>\n\t\t<div class=\"elementor-element elementor-element-4286bec e-con-full e-flex e-con e-child\" data-id=\"4286bec\" data-element_type=\"container\" data-e-type=\"container\">\n\t\t\t\t<div class=\"elementor-element elementor-element-631df38 elementor-widget elementor-widget-uael-infobox\" data-id=\"631df38\" data-element_type=\"widget\" data-e-type=\"widget\" data-widget_type=\"uael-infobox.default\">\n\t\t\t\t<div class=\"elementor-widget-container\">\n\t\t\t\t\t\n<div class=\"uael-module-content uael-infobox  uael-infobox-left  uael-infobox-link-type-none\">\n\t<div class=\"uael-infobox-left-right-wrap\">\n\t\t\t\t\t\t<div class=\"uael-infobox-content\">\n\t\t\t\t\t\t<div class='uael-infobox-title-wrap'><h4 class=\"uael-infobox-title elementor-inline-editing\" data-elementor-setting-key=\"infobox_title\" data-elementor-inline-editing-toolbar=\"basic\" >Mission<\/h4><\/div>\t\t\t\t\t\t\t\t\t<div class=\"uael-infobox-text-wrap\">\n\t\t\t\t<div class=\"uael-infobox-text elementor-inline-editing\" data-elementor-setting-key=\"infobox_description\" data-elementor-inline-editing-toolbar=\"advanced\">\n\t\t\t\t\t<p>Unsere Vision bei PVC PLUS+ ist es, den besten Service mit h\u00f6chster Professionalit\u00e4t und Zuverl\u00e4ssigkeit im Bereich der PVC- und Aluminiumtischlerei anzubieten und uns durch die Exzellenz unserer Produkte hervorzuheben. Wir streben danach, weiterhin im Design und in der Funktionalit\u00e4t unserer L\u00f6sungen zu innovieren und dabei an der Spitze der Technologie und Markttrends zu bleiben. Wir m\u00f6chten uns als Vorreiter in Sachen Nachhaltigkeit etablieren, indem wir Produkte f\u00f6rdern, die nicht nur die Lebensqualit\u00e4t unserer Kunden verbessern, sondern auch zur Energieeffizienz und zum Umweltschutz beitragen.<\/p>\t\t\t\t<\/div>\n\t\t\t\t\t\n\t\t\t\t\t\t\t<\/div>\n\t\t<\/div>\n\t\t\t<\/div>\n<\/div>\n\t\t\t\t<\/div>\n\t\t\t\t<\/div>\n\t\t\t\t<\/div>\n\t\t\t\t<\/div>\n\t\t\t\t<\/div>\n\t\t\t\t\t<\/div>\n\t\t\t\t<\/div>\n\t\t<div class=\"elementor-element elementor-element-e8a7b28 e-flex e-con-boxed e-con e-parent\" data-id=\"e8a7b28\" data-element_type=\"container\" data-e-type=\"container\">\n\t\t\t\t\t<div class=\"e-con-inner\">\n\t\t<div class=\"elementor-element elementor-element-3e59411 e-con-full e-flex e-con e-child\" data-id=\"3e59411\" data-element_type=\"container\" data-e-type=\"container\" data-settings=\"{&quot;background_background&quot;:&quot;classic&quot;}\">\n\t\t\t\t<div class=\"elementor-element elementor-element-5b8d511 elementor-widget elementor-widget-uael-infobox\" data-id=\"5b8d511\" data-element_type=\"widget\" data-e-type=\"widget\" data-widget_type=\"uael-infobox.default\">\n\t\t\t\t<div class=\"elementor-widget-container\">\n\t\t\t\t\t\n<div class=\"uael-module-content uael-infobox  uael-infobox-link-type-button\">\n\t<div class=\"uael-infobox-left-right-wrap\">\n\t\t\t\t\t\t<div class=\"uael-infobox-content\">\n\t\t\t\t\t\t<div class='uael-infobox-title-wrap'><h2 class=\"uael-infobox-title-prefix elementor-inline-editing\" data-elementor-setting-key=\"infobox_title_prefix\" data-elementor-inline-editing-toolbar=\"basic\" >Fordere ein Angebot an<\/h2><h5 class=\"uael-infobox-title elementor-inline-editing\" data-elementor-setting-key=\"infobox_title\" data-elementor-inline-editing-toolbar=\"basic\" >Kontaktiere uns jetzt und fordere unverbindlich ein Angebot an.<\/h5><\/div>\t\t\t\t\t\t\t\t\t<div class=\"uael-infobox-text-wrap\">\n\t\t\t\t<div class=\"uael-infobox-text elementor-inline-editing\" data-elementor-setting-key=\"infobox_description\" data-elementor-inline-editing-toolbar=\"advanced\">\n\t\t\t\t\t\t\t\t\t<\/div>\n\t\t\t\t\t\n\t\t\t\t\t\t\t<div class=\"uael-button-wrapper elementor-widget-button\">\n\t\t\t\t<a href=\"https:\/\/www.pvcplus.es\/contacto\/\" class=\"elementor-button-link  elementor-button elementor-size-md\">\n\t\t\t\t\t\t\t<span class=\"elementor-button-content-wrapper\">\n\t\t\t\t\t\t\t\t\t\t\t\t\t\t\t\t<span class=\"elementor-align-icon-right elementor-button-icon\">\n\t\t\t\t\t\t\t\t\t\t\t<\/span>\n\t\t\t\t\t\t\t\n\t\t\t<span class=\"elementor-button-text elementor-inline-editing\"  data-elementor-setting-key=\"infobox_button_text\" data-elementor-inline-editing-toolbar=\"none\">Kontaktieren<\/span>\n\t\t<\/span>\n\t\t\t\t\t\t<\/a>\n\t\t\t<\/div>\n\t\t\t\t\t\t<\/div>\n\t\t<\/div>\n\t\t\t<\/div>\n<\/div>\n\t\t\t\t<\/div>\n\t\t\t\t<\/div>\n\t\t\t\t<\/div>\n\t\t\t\t\t<\/div>\n\t\t\t\t<\/div>\n\t\t\t\t<\/div>\n\t\t","protected":false},"excerpt":{"rendered":"<p>Das Unternehmenwe Wer wir sind Mehr als 20 Jahre Erfahrung Mit mehr als 20 Jahren Erfahrung im Bereich PVC- und Aluminiumtischlerei. Im Laufe dieser zwei Jahrzehnte haben wir unerm\u00fcdlich daran gearbeitet, hochwertige L\u00f6sungen sowohl f\u00fcr Wohn- als auch f\u00fcr Gewerbeprojekte anzubieten und uns durch unser Engagement f\u00fcr Exzellenz und Kundenzufriedenheit ausgezeichnet. Im Laufe der Jahre [&hellip;]<\/p>\n","protected":false},"author":1,"featured_media":0,"parent":0,"menu_order":0,"comment_status":"closed","ping_status":"closed","template":"","meta":{"site-sidebar-layout":"no-sidebar","site-content-layout":"page-builder","ast-site-content-layout":"full-width-container","site-content-style":"unboxed","site-sidebar-style":"unboxed","ast-global-header-display":"","ast-banner-title-visibility":"","ast-main-header-display":"","ast-hfb-above-header-display":"","ast-hfb-below-header-display":"","ast-hfb-mobile-header-display":"","site-post-title":"disabled","ast-breadcrumbs-content":"disabled","ast-featured-img":"disabled","footer-sml-layout":"","theme-transparent-header-meta":"enabled","adv-header-id-meta":"","stick-header-meta":"default","header-above-stick-meta":"","header-main-stick-meta":"","header-below-stick-meta":"","astra-migrate-meta-layouts":"set","ast-page-background-enabled":"default","ast-page-background-meta":{"desktop":{"background-color":"","background-image":"","background-repeat":"repeat","background-position":"center center","background-size":"auto","background-attachment":"scroll","background-type":"","background-media":"","overlay-type":"","overlay-color":"","overlay-opacity":"","overlay-gradient":""},"tablet":{"background-color":"","background-image":"","background-repeat":"repeat","background-position":"center center","background-size":"auto","background-attachment":"scroll","background-type":"","background-media":"","overlay-type":"","overlay-color":"","overlay-opacity":"","overlay-gradient":""},"mobile":{"background-color":"","background-image":"","background-repeat":"repeat","background-position":"center center","background-size":"auto","background-attachment":"scroll","background-type":"","background-media":"","overlay-type":"","overlay-color":"","overlay-opacity":"","overlay-gradient":""}},"ast-content-background-meta":{"desktop":{"background-color":"var(--ast-global-color-5)","background-image":"","background-repeat":"repeat","background-position":"center center","background-size":"auto","background-attachment":"scroll","background-type":"","background-media":"","overlay-type":"","overlay-color":"","overlay-opacity":"","overlay-gradient":""},"tablet":{"background-color":"var(--ast-global-color-5)","background-image":"","background-repeat":"repeat","background-position":"center center","background-size":"auto","background-attachment":"scroll","background-type":"","background-media":"","overlay-type":"","overlay-color":"","overlay-opacity":"","overlay-gradient":""},"mobile":{"background-color":"var(--ast-global-color-5)","background-image":"","background-repeat":"repeat","background-position":"center center","background-size":"auto","background-attachment":"scroll","background-type":"","background-media":"","overlay-type":"","overlay-color":"","overlay-opacity":"","overlay-gradient":""}},"footnotes":""},"class_list":["post-1847","page","type-page","status-publish","hentry"],"_links":{"self":[{"href":"https:\/\/www.pvcplus.es\/de\/wp-json\/wp\/v2\/pages\/1847","targetHints":{"allow":["GET"]}}],"collection":[{"href":"https:\/\/www.pvcplus.es\/de\/wp-json\/wp\/v2\/pages"}],"about":[{"href":"https:\/\/www.pvcplus.es\/de\/wp-json\/wp\/v2\/types\/page"}],"author":[{"embeddable":true,"href":"https:\/\/www.pvcplus.es\/de\/wp-json\/wp\/v2\/users\/1"}],"replies":[{"embeddable":true,"href":"https:\/\/www.pvcplus.es\/de\/wp-json\/wp\/v2\/comments?post=1847"}],"version-history":[{"count":5,"href":"https:\/\/www.pvcplus.es\/de\/wp-json\/wp\/v2\/pages\/1847\/revisions"}],"predecessor-version":[{"id":1860,"href":"https:\/\/www.pvcplus.es\/de\/wp-json\/wp\/v2\/pages\/1847\/revisions\/1860"}],"wp:attachment":[{"href":"https:\/\/www.pvcplus.es\/de\/wp-json\/wp\/v2\/media?parent=1847"}],"curies":[{"name":"wp","href":"https:\/\/api.w.org\/{rel}","templated":true}]}}